{"id":10,"date":"2018-10-29T19:23:17","date_gmt":"2018-10-29T19:23:17","guid":{"rendered":"http:\/\/ww.icecom.is\/?page_id=10"},"modified":"2022-03-10T13:19:38","modified_gmt":"2022-03-10T13:19:38","slug":"um-okkur","status":"publish","type":"page","link":"https:\/\/www.icecom.is\/index.php\/um-okkur\/","title":{"rendered":"Um okkur"},"content":{"rendered":"<div class=\"wpb-content-wrapper\"><p>[vc_row css=&#8220;.vc_custom_1548884980105{padding-top: 7% !important;padding-bottom: 3% !important;}&#8220;][vc_column][vc_column_text css=&#8220;.vc_custom_1550573080050{padding-bottom: 3% !important;}&#8220;]<\/p>\n<h2>Um okkur<\/h2>\n<p>Markmi\u00f0 IceCom er a\u00f0 veita vi\u00f0skiptavinum s\u00ednum heildarlausnir \u00ed t\u00f6lvu- og fjarskiptakerfum .<br \/>\nHvort heldur fyrirt\u00e6ki vilja nota kopar e\u00f0a trefjap\u00edpur \u00ed j\u00f6r\u00f0u e\u00f0a lofti\u00f0 sem bur\u00f0arlag, hefur Icecom ehf. lausnina.<\/p>\n<p>IceCom ehf. var stofna\u00f0 \u00ed byrjun \u00e1rs 1997 og hefur fr\u00e1 stofnun s\u00e9rh\u00e6ft sig \u00ed \u00f6rbylgjudreifikerfum, til notkunar fyrir t\u00f6lvukerfi e\u00f0a til sj\u00f3nvarpsdreifinga.<\/p>\n<p>\u00der\u00e1\u00f0laus netkerfi fyrir heimili, h\u00f3tel, heilbrig\u00f0isgeirann, sk\u00f3lakerfi\u00f0, st\u00f3ri\u00f0jur, v\u00f6ruh\u00fas e\u00f0a verslanir, eru me\u00f0al vi\u00f0fangsefna IceCom ehf. \u00d6rbylgjusamb\u00f6nd, koparl\u00ednur e\u00f0a lj\u00f3slei\u00f0arar sem tengja vi\u00f0 internet e\u00f0a innri net saman og s\u00edmakerfi fyrirt\u00e6kja e\u00f0a stofnana.<\/p>\n<p>\u00d6rbylgjutengingar \u00ed eigu fyrirt\u00e6kja e\u00f0a einstaklinga geta spara\u00f0 tengigj\u00f6ld til annarra ef tengja \u00fearf starfsst\u00f6\u00f0var sem fjarl\u00e6g\u00f0in a\u00f0skilur.<\/p>\n<p>Lj\u00f3slei\u00f0aratengingar sem henta\u00f0 geta fyrir mikla bur\u00f0argetu e\u00f0a DSL kerfi fyrir sm\u00e6rri bygg\u00f0arl\u00f6g, fyrirt\u00e6ki og stofnanir.<\/p>\n<p>H\u00f3telkerfi, sj\u00f3nvarp, net og s\u00edmkerfi fyrir h\u00f3tel er st\u00f3r \u00fe\u00e1ttur \u00ed starfsemi IceCom ehf.<\/p>\n<p>IceCom h\u00fdsir mi\u00f0jub\u00fana\u00f0 sj\u00f3nvarpskerfa fyrir h\u00f3tel og gistista\u00f0i sem sta\u00f0sett eru v\u00ed\u00f0s vegar um landi\u00f0.<\/p>\n<p>Sj\u00f3nvarps- e\u00f0a \u00fatvarpssendar, endurvarpar fyrir \u00f6rbylgjusj\u00f3nvarp. Mynd og hlj\u00f3\u00f0samb\u00f6nd fyrir \u00fatvarp og sj\u00f3nvarp. B\u00fana\u00f0ur fyrir beinar \u00fatsendingar sj\u00f3nvarps, f\u00e6ranlegir myndlinkar, h\u00f6nnun, uppsetning og vi\u00f0hald.<\/p>\n<p>IceCom ehf. selur einnig prentb\u00fana\u00f0 fyrir i\u00f0na\u00f0inn fr\u00e1 Brady, Brady i\u00f0na\u00f0arprentarar hafa \u00e1 f\u00e1um \u00e1rum or\u00f0i\u00f0 \u00fea\u00f0 sem i\u00f0na\u00f0armenn, \u00fe\u00e1 s\u00e9rstaklega rafmagnsgeirinn \u00feekkja og \u00feykir mikil g\u00e6\u00f0avara.<\/p>\n<p>Brady er einnig mj\u00f6g framarlega \u00ed \u00f6llu sem heitir \u00f6ryggi fyrir i\u00f0na\u00f0inn \u00fe\u00e1 s\u00e9rstaklega st\u00f3ri\u00f0jur, orkuver, spennuvirki og\/e\u00f0a allsta\u00f0ar \u00fear sem fyllsta \u00f6ryggis er krafist vi\u00f0 framlei\u00f0slu og vi\u00f0hald framlei\u00f0slukerfa.[\/vc_column_text][\/vc_column][\/vc_row]<\/p>\n<\/div>","protected":false},"excerpt":{"rendered":"<p>[vc_row css=&#8220;.vc_custom_1548884980105{padding-top: 7% !important;padding-bottom: 3% !important;}&#8220;][vc_column][vc_column_text css=&#8220;.vc_custom_1550573080050{padding-bottom: 3% !important;}&#8220;] Um okkur Markmi\u00f0 IceCom er a\u00f0 veita vi\u00f0skiptavinum s\u00ednum heildarlausnir \u00ed t\u00f6lvu- og fjarskiptakerfum . Hvort heldur fyrirt\u00e6ki vilja nota kopar<\/p>\n","protected":false},"author":1,"featured_media":0,"parent":0,"menu_order":0,"comment_status":"closed","ping_status":"closed","template":"tmp-page-left-sidebar.php","meta":{"_acf_changed":false,"footnotes":""},"class_list":["post-10","page","type-page","status-publish","hentry"],"acf":[],"_links":{"self":[{"href":"https:\/\/www.icecom.is\/index.php\/wp-json\/wp\/v2\/pages\/10","targetHints":{"allow":["GET"]}}],"collection":[{"href":"https:\/\/www.icecom.is\/index.php\/wp-json\/wp\/v2\/pages"}],"about":[{"href":"https:\/\/www.icecom.is\/index.php\/wp-json\/wp\/v2\/types\/page"}],"author":[{"embeddable":true,"href":"https:\/\/www.icecom.is\/index.php\/wp-json\/wp\/v2\/users\/1"}],"replies":[{"embeddable":true,"href":"https:\/\/www.icecom.is\/index.php\/wp-json\/wp\/v2\/comments?post=10"}],"version-history":[{"count":15,"href":"https:\/\/www.icecom.is\/index.php\/wp-json\/wp\/v2\/pages\/10\/revisions"}],"predecessor-version":[{"id":1367,"href":"https:\/\/www.icecom.is\/index.php\/wp-json\/wp\/v2\/pages\/10\/revisions\/1367"}],"wp:attachment":[{"href":"https:\/\/www.icecom.is\/index.php\/wp-json\/wp\/v2\/media?parent=10"}],"curies":[{"name":"wp","href":"https:\/\/api.w.org\/{rel}","templated":true}]}}