{"id":12,"date":"2018-10-29T19:23:52","date_gmt":"2018-10-29T19:23:52","guid":{"rendered":"http:\/\/ww.icecom.is\/?page_id=12"},"modified":"2020-12-21T16:02:32","modified_gmt":"2020-12-21T16:02:32","slug":"fjarthjonusta","status":"publish","type":"page","link":"https:\/\/www.icecom.is\/index.php\/fjarthjonusta\/","title":{"rendered":"Fjar\u00fej\u00f3nusta"},"content":{"rendered":"<div class=\"wpb-content-wrapper\"><p>[vc_row css=&#8220;.vc_custom_1548973457450{padding-top: 5% !important;padding-bottom: 27% !important;}&#8220;][vc_column width=&#8220;1\/2&#8243;][vc_column_text]<\/p>\n<h2><strong>A\u00f0sto\u00f0<\/strong><\/h2>\n<p>Til a\u00f0 gefa okkur t\u00edmabundin a\u00f0gang a\u00f0 t\u00f6lvu vinsamlega \u00fdttu \u00e1 tengilinn \u00fe\u00e1 hle\u00f0st ni\u00f0ur forrit, keyr\u00f0u forriti\u00f0.<\/p>\n<p><a href=\"https:\/\/www.icecom.is\/wp-content\/uploads\/2019\/01\/TeamViewerQS.exe\">Fjar\u00fej\u00f3nusta IceCom Windows<\/a><\/p>\n<p><a href=\"https:\/\/www.icecom.is\/wp-content\/uploads\/2019\/01\/TeamViewerMAC.dmg\">Fjar\u00fej\u00f3nusta IceCom MAC<\/a><\/p>\n<p>\u00deegar \u00feessi mynd er komin upp \u00fe\u00e1 \u00fearft \u00fe\u00fa a\u00f0 gefa okkur upp Your ID og Password.[\/vc_column_text][\/vc_column][vc_column width=&#8220;1\/2&#8243;][vc_single_image image=&#8220;254&#8243; img_size=&#8220;full&#8220;][\/vc_column][\/vc_row]<\/p>\n<\/div>","protected":false},"excerpt":{"rendered":"<p>[vc_row css=&#8220;.vc_custom_1548973457450{padding-top: 5% !important;padding-bottom: 27% !important;}&#8220;][vc_column width=&#8220;1\/2&#8243;][vc_column_text] A\u00f0sto\u00f0 Til a\u00f0 gefa okkur t\u00edmabundin a\u00f0gang a\u00f0 t\u00f6lvu vinsamlega \u00fdttu \u00e1 tengilinn \u00fe\u00e1 hle\u00f0st ni\u00f0ur forrit, keyr\u00f0u forriti\u00f0. Fjar\u00fej\u00f3nusta IceCom Windows Fjar\u00fej\u00f3nusta<\/p>\n","protected":false},"author":1,"featured_media":0,"parent":0,"menu_order":0,"comment_status":"closed","ping_status":"closed","template":"tmp-page-left-sidebar.php","meta":{"_acf_changed":false,"footnotes":""},"class_list":["post-12","page","type-page","status-publish","hentry"],"acf":[],"_links":{"self":[{"href":"https:\/\/www.icecom.is\/index.php\/wp-json\/wp\/v2\/pages\/12","targetHints":{"allow":["GET"]}}],"collection":[{"href":"https:\/\/www.icecom.is\/index.php\/wp-json\/wp\/v2\/pages"}],"about":[{"href":"https:\/\/www.icecom.is\/index.php\/wp-json\/wp\/v2\/types\/page"}],"author":[{"embeddable":true,"href":"https:\/\/www.icecom.is\/index.php\/wp-json\/wp\/v2\/users\/1"}],"replies":[{"embeddable":true,"href":"https:\/\/www.icecom.is\/index.php\/wp-json\/wp\/v2\/comments?post=12"}],"version-history":[{"count":15,"href":"https:\/\/www.icecom.is\/index.php\/wp-json\/wp\/v2\/pages\/12\/revisions"}],"predecessor-version":[{"id":1301,"href":"https:\/\/www.icecom.is\/index.php\/wp-json\/wp\/v2\/pages\/12\/revisions\/1301"}],"wp:attachment":[{"href":"https:\/\/www.icecom.is\/index.php\/wp-json\/wp\/v2\/media?parent=12"}],"curies":[{"name":"wp","href":"https:\/\/api.w.org\/{rel}","templated":true}]}}