{"id":154,"date":"2018-11-11T21:36:19","date_gmt":"2018-11-11T21:36:19","guid":{"rendered":"http:\/\/ww.icecom.is\/?page_id=154"},"modified":"2025-08-28T13:21:32","modified_gmt":"2025-08-28T13:21:32","slug":"starfsmenn","status":"publish","type":"page","link":"https:\/\/www.icecom.is\/index.php\/starfsmenn\/","title":{"rendered":"Starfsmenn"},"content":{"rendered":"<div class=\"wpb-content-wrapper\"><p>[vc_row css=&#8220;.vc_custom_1548884667776{padding-top: 7% !important;padding-bottom: 3% !important;}&#8220;][vc_column][vc_column_text css=&#8220;.vc_custom_1756387438981{padding-bottom: 8% !important;}&#8220;]<\/p>\n<h2>Starfsmenn<\/h2>\n<p>J\u00f3hann Sigur\u00fe\u00f3rsson: Framkv\u00e6mdastj\u00f3ri 414 4401<\/p>\n<p>Dav\u00ed\u00f0 \u00c1skelsson: T\u00e6knistj\u00f3ri 414 4402<\/p>\n<p>Ingvar Ingvarsson: S\u00f6lustj\u00f3ri 414 4403<\/p>\n<p>Sveinn P\u00e9tur Sigur\u00f0sson: T\u00e6knima\u00f0ur<\/p>\n<p>Elfar Dav\u00ed\u00f0sson: T\u00e6knima\u00f0ur<\/p>\n<p>Jarowslaw Adam Loda :\u00a0 T\u00e6knima\u00f0ur<\/p>\n<p>Albert Sn\u00e6r Gu\u00f0mundsson: T\u00e6knima\u00f0ur[\/vc_column_text][\/vc_column][\/vc_row]<\/p>\n<\/div>","protected":false},"excerpt":{"rendered":"<p>[vc_row css=&#8220;.vc_custom_1548884667776{padding-top: 7% !important;padding-bottom: 3% !important;}&#8220;][vc_column][vc_column_text css=&#8220;.vc_custom_1756387438981{padding-bottom: 8% !important;}&#8220;] Starfsmenn J\u00f3hann Sigur\u00fe\u00f3rsson: Framkv\u00e6mdastj\u00f3ri 414 4401 Dav\u00ed\u00f0 \u00c1skelsson: T\u00e6knistj\u00f3ri 414 4402 Ingvar Ingvarsson: S\u00f6lustj\u00f3ri 414 4403 Sveinn P\u00e9tur Sigur\u00f0sson: T\u00e6knima\u00f0ur Elfar<\/p>\n","protected":false},"author":1,"featured_media":0,"parent":0,"menu_order":0,"comment_status":"closed","ping_status":"closed","template":"tmp-page-left-sidebar.php","meta":{"_acf_changed":false,"footnotes":""},"class_list":["post-154","page","type-page","status-publish","hentry"],"acf":[],"_links":{"self":[{"href":"https:\/\/www.icecom.is\/index.php\/wp-json\/wp\/v2\/pages\/154","targetHints":{"allow":["GET"]}}],"collection":[{"href":"https:\/\/www.icecom.is\/index.php\/wp-json\/wp\/v2\/pages"}],"about":[{"href":"https:\/\/www.icecom.is\/index.php\/wp-json\/wp\/v2\/types\/page"}],"author":[{"embeddable":true,"href":"https:\/\/www.icecom.is\/index.php\/wp-json\/wp\/v2\/users\/1"}],"replies":[{"embeddable":true,"href":"https:\/\/www.icecom.is\/index.php\/wp-json\/wp\/v2\/comments?post=154"}],"version-history":[{"count":16,"href":"https:\/\/www.icecom.is\/index.php\/wp-json\/wp\/v2\/pages\/154\/revisions"}],"predecessor-version":[{"id":1528,"href":"https:\/\/www.icecom.is\/index.php\/wp-json\/wp\/v2\/pages\/154\/revisions\/1528"}],"wp:attachment":[{"href":"https:\/\/www.icecom.is\/index.php\/wp-json\/wp\/v2\/media?parent=154"}],"curies":[{"name":"wp","href":"https:\/\/api.w.org\/{rel}","templated":true}]}}