{"id":305,"date":"2019-01-30T21:52:21","date_gmt":"2019-01-30T21:52:21","guid":{"rendered":"http:\/\/ww.icecom.is\/?page_id=305"},"modified":"2019-01-30T22:28:52","modified_gmt":"2019-01-30T22:28:52","slug":"myndir","status":"publish","type":"page","link":"https:\/\/www.icecom.is\/index.php\/myndir\/","title":{"rendered":"Myndir"},"content":{"rendered":"<div class=\"wpb-content-wrapper\"><p>[vc_row][vc_column][vc_column_text]<\/p>\n<div id='gallery-1' class='gallery galleryid-305 gallery-columns-4 gallery-size-thumbnail'><dl class='gallery-item'>\n\t\t\t<dt class='gallery-icon portrait'>\n\t\t\t\t<a class=\"thumbnail\" data-rel=\"prettyPhoto[slides]\" href='https:\/\/www.icecom.is\/wp-content\/uploads\/2019\/01\/1H\u00f6fu\u00f0borgarsv\u00e6\u00f0i\u00f0-V\u00ed\u00f0inesvegur-9.j\u00fal\u00ed-2018-e1548886207686.jpg'><img decoding=\"async\" width=\"150\" height=\"150\" src=\"https:\/\/www.icecom.is\/wp-content\/uploads\/2019\/01\/1H\u00f6fu\u00f0borgarsv\u00e6\u00f0i\u00f0-V\u00ed\u00f0inesvegur-9.j\u00fal\u00ed-2018-e1548886185866-150x150.jpg\" class=\"attachment-thumbnail size-thumbnail\" alt=\"\" \/><\/a>\n\t\t\t<\/dt><\/dl><dl class='gallery-item'>\n\t\t\t<dt class='gallery-icon landscape'>\n\t\t\t\t<a class=\"thumbnail\" data-rel=\"prettyPhoto[slides]\" href='https:\/\/www.icecom.is\/wp-content\/uploads\/2019\/01\/2H\u00f6fu\u00f0borgarsv\u00e6\u00f0i\u00f0-V\u00ed\u00f0inesvegur-9.j\u00fal\u00ed-2018-e1548886235283.jpg'><img decoding=\"async\" width=\"150\" height=\"150\" src=\"https:\/\/www.icecom.is\/wp-content\/uploads\/2019\/01\/2H\u00f6fu\u00f0borgarsv\u00e6\u00f0i\u00f0-V\u00ed\u00f0inesvegur-9.j\u00fal\u00ed-2018-150x150.jpg\" class=\"attachment-thumbnail size-thumbnail\" alt=\"\" srcset=\"https:\/\/www.icecom.is\/wp-content\/uploads\/2019\/01\/2H\u00f6fu\u00f0borgarsv\u00e6\u00f0i\u00f0-V\u00ed\u00f0inesvegur-9.j\u00fal\u00ed-2018-150x150.jpg 150w, https:\/\/www.icecom.is\/wp-content\/uploads\/2019\/01\/2H\u00f6fu\u00f0borgarsv\u00e6\u00f0i\u00f0-V\u00ed\u00f0inesvegur-9.j\u00fal\u00ed-2018-e1548886235283-100x100.jpg 100w\" sizes=\"(max-width: 150px) 100vw, 150px\" \/><\/a>\n\t\t\t<\/dt><\/dl><dl class='gallery-item'>\n\t\t\t<dt class='gallery-icon landscape'>\n\t\t\t\t<a class=\"thumbnail\" data-rel=\"prettyPhoto[slides]\" href='https:\/\/www.icecom.is\/wp-content\/uploads\/2019\/01\/5Sveitarf\u00e9lagi\u00f0-\u00c1rborg-28.n\u00f3vember-2017-e1548886258307.jpg'><img decoding=\"async\" width=\"150\" height=\"150\" src=\"https:\/\/www.icecom.is\/wp-content\/uploads\/2019\/01\/5Sveitarf\u00e9lagi\u00f0-\u00c1rborg-28.n\u00f3vember-2017-150x150.jpg\" class=\"attachment-thumbnail size-thumbnail\" alt=\"\" srcset=\"https:\/\/www.icecom.is\/wp-content\/uploads\/2019\/01\/5Sveitarf\u00e9lagi\u00f0-\u00c1rborg-28.n\u00f3vember-2017-150x150.jpg 150w, https:\/\/www.icecom.is\/wp-content\/uploads\/2019\/01\/5Sveitarf\u00e9lagi\u00f0-\u00c1rborg-28.n\u00f3vember-2017-e1548886258307-100x100.jpg 100w\" sizes=\"(max-width: 150px) 100vw, 150px\" \/><\/a>\n\t\t\t<\/dt><\/dl><dl class='gallery-item'>\n\t\t\t<dt class='gallery-icon landscape'>\n\t\t\t\t<a class=\"thumbnail\" data-rel=\"prettyPhoto[slides]\" href='https:\/\/www.icecom.is\/wp-content\/uploads\/2019\/01\/6Sveitarf\u00e9lagi\u00f0-\u00c1rborg-28.n\u00f3vember-2017-e1548886280348.jpg'><img loading=\"lazy\" decoding=\"async\" width=\"150\" height=\"150\" src=\"https:\/\/www.icecom.is\/wp-content\/uploads\/2019\/01\/6Sveitarf\u00e9lagi\u00f0-\u00c1rborg-28.n\u00f3vember-2017-150x150.jpg\" class=\"attachment-thumbnail size-thumbnail\" alt=\"\" srcset=\"https:\/\/www.icecom.is\/wp-content\/uploads\/2019\/01\/6Sveitarf\u00e9lagi\u00f0-\u00c1rborg-28.n\u00f3vember-2017-150x150.jpg 150w, https:\/\/www.icecom.is\/wp-content\/uploads\/2019\/01\/6Sveitarf\u00e9lagi\u00f0-\u00c1rborg-28.n\u00f3vember-2017-e1548886280348-100x100.jpg 100w\" sizes=\"(max-width: 150px) 100vw, 150px\" \/><\/a>\n\t\t\t<\/dt><\/dl><br style=\"clear: both\" \/><dl class='gallery-item'>\n\t\t\t<dt class='gallery-icon portrait'>\n\t\t\t\t<a class=\"thumbnail\" data-rel=\"prettyPhoto[slides]\" href='https:\/\/www.icecom.is\/wp-content\/uploads\/2019\/01\/10409703_10153347657543102_1007205385339926890_n.jpg'><img loading=\"lazy\" decoding=\"async\" width=\"150\" height=\"150\" src=\"https:\/\/www.icecom.is\/wp-content\/uploads\/2019\/01\/10409703_10153347657543102_1007205385339926890_n-150x150.jpg\" class=\"attachment-thumbnail size-thumbnail\" alt=\"\" srcset=\"https:\/\/www.icecom.is\/wp-content\/uploads\/2019\/01\/10409703_10153347657543102_1007205385339926890_n-150x150.jpg 150w, https:\/\/www.icecom.is\/wp-content\/uploads\/2019\/01\/10409703_10153347657543102_1007205385339926890_n-100x100.jpg 100w\" sizes=\"(max-width: 150px) 100vw, 150px\" \/><\/a>\n\t\t\t<\/dt><\/dl><dl class='gallery-item'>\n\t\t\t<dt class='gallery-icon portrait'>\n\t\t\t\t<a class=\"thumbnail\" data-rel=\"prettyPhoto[slides]\" href='https:\/\/www.icecom.is\/wp-content\/uploads\/2019\/01\/20140910_154337-e1548886337213.jpg'><img loading=\"lazy\" decoding=\"async\" width=\"150\" height=\"150\" src=\"https:\/\/www.icecom.is\/wp-content\/uploads\/2019\/01\/20140910_154337-e1548886337213-150x150.jpg\" class=\"attachment-thumbnail size-thumbnail\" alt=\"\" srcset=\"https:\/\/www.icecom.is\/wp-content\/uploads\/2019\/01\/20140910_154337-e1548886337213-150x150.jpg 150w, https:\/\/www.icecom.is\/wp-content\/uploads\/2019\/01\/20140910_154337-e1548886337213-100x100.jpg 100w\" sizes=\"(max-width: 150px) 100vw, 150px\" \/><\/a>\n\t\t\t<\/dt><\/dl><dl class='gallery-item'>\n\t\t\t<dt class='gallery-icon portrait'>\n\t\t\t\t<a class=\"thumbnail\" data-rel=\"prettyPhoto[slides]\" href='https:\/\/www.icecom.is\/wp-content\/uploads\/2019\/01\/20141022_113316-e1548887272270.jpg'><img loading=\"lazy\" decoding=\"async\" width=\"150\" height=\"150\" src=\"https:\/\/www.icecom.is\/wp-content\/uploads\/2019\/01\/20141022_113316-e1548887272270-150x150.jpg\" class=\"attachment-thumbnail size-thumbnail\" alt=\"\" srcset=\"https:\/\/www.icecom.is\/wp-content\/uploads\/2019\/01\/20141022_113316-e1548887272270-150x150.jpg 150w, https:\/\/www.icecom.is\/wp-content\/uploads\/2019\/01\/20141022_113316-e1548887272270-100x100.jpg 100w\" sizes=\"(max-width: 150px) 100vw, 150px\" \/><\/a>\n\t\t\t<\/dt><\/dl><dl class='gallery-item'>\n\t\t\t<dt class='gallery-icon portrait'>\n\t\t\t\t<a class=\"thumbnail\" data-rel=\"prettyPhoto[slides]\" href='https:\/\/www.icecom.is\/wp-content\/uploads\/2019\/01\/20141022_120105-e1548886411913.jpg'><img loading=\"lazy\" decoding=\"async\" width=\"150\" height=\"150\" src=\"https:\/\/www.icecom.is\/wp-content\/uploads\/2019\/01\/20141022_120105-e1548886395814-150x150.jpg\" class=\"attachment-thumbnail size-thumbnail\" alt=\"\" \/><\/a>\n\t\t\t<\/dt><\/dl><br style=\"clear: both\" \/><dl class='gallery-item'>\n\t\t\t<dt class='gallery-icon portrait'>\n\t\t\t\t<a class=\"thumbnail\" data-rel=\"prettyPhoto[slides]\" href='https:\/\/www.icecom.is\/wp-content\/uploads\/2019\/01\/20141126_103336-e1548886454308.jpg'><img loading=\"lazy\" decoding=\"async\" width=\"150\" height=\"150\" src=\"https:\/\/www.icecom.is\/wp-content\/uploads\/2019\/01\/20141126_103336-e1548886454308-150x150.jpg\" class=\"attachment-thumbnail size-thumbnail\" alt=\"\" srcset=\"https:\/\/www.icecom.is\/wp-content\/uploads\/2019\/01\/20141126_103336-e1548886454308-150x150.jpg 150w, https:\/\/www.icecom.is\/wp-content\/uploads\/2019\/01\/20141126_103336-e1548886454308-100x100.jpg 100w\" sizes=\"(max-width: 150px) 100vw, 150px\" \/><\/a>\n\t\t\t<\/dt><\/dl><dl class='gallery-item'>\n\t\t\t<dt class='gallery-icon portrait'>\n\t\t\t\t<a class=\"thumbnail\" data-rel=\"prettyPhoto[slides]\" href='https:\/\/www.icecom.is\/wp-content\/uploads\/2019\/01\/Borgarnes-Vesturland-Borgarbraut-17.-jan\u00faar-20191-e1548886481336.jpg'><img loading=\"lazy\" decoding=\"async\" width=\"150\" height=\"150\" src=\"https:\/\/www.icecom.is\/wp-content\/uploads\/2019\/01\/Borgarnes-Vesturland-Borgarbraut-17.-jan\u00faar-20191-e1548886481336-150x150.jpg\" class=\"attachment-thumbnail size-thumbnail\" alt=\"\" srcset=\"https:\/\/www.icecom.is\/wp-content\/uploads\/2019\/01\/Borgarnes-Vesturland-Borgarbraut-17.-jan\u00faar-20191-e1548886481336-150x150.jpg 150w, https:\/\/www.icecom.is\/wp-content\/uploads\/2019\/01\/Borgarnes-Vesturland-Borgarbraut-17.-jan\u00faar-20191-e1548886481336-100x100.jpg 100w\" sizes=\"(max-width: 150px) 100vw, 150px\" \/><\/a>\n\t\t\t<\/dt><\/dl><dl class='gallery-item'>\n\t\t\t<dt class='gallery-icon portrait'>\n\t\t\t\t<a class=\"thumbnail\" data-rel=\"prettyPhoto[slides]\" href='https:\/\/www.icecom.is\/wp-content\/uploads\/2019\/01\/Borgarnes-Vesturland-Borgarbraut-17.-jan\u00faar-20192-e1548886520303.jpg'><img loading=\"lazy\" decoding=\"async\" width=\"150\" height=\"150\" src=\"https:\/\/www.icecom.is\/wp-content\/uploads\/2019\/01\/Borgarnes-Vesturland-Borgarbraut-17.-jan\u00faar-20192-e1548886499680-150x150.jpg\" class=\"attachment-thumbnail size-thumbnail\" alt=\"\" \/><\/a>\n\t\t\t<\/dt><\/dl><dl class='gallery-item'>\n\t\t\t<dt class='gallery-icon portrait'>\n\t\t\t\t<a class=\"thumbnail\" data-rel=\"prettyPhoto[slides]\" href='https:\/\/www.icecom.is\/wp-content\/uploads\/2019\/01\/Borgarnes-Vesturland-Borgarbraut-26.-ma\u00ed-2018-e1548887304162.jpg'><img loading=\"lazy\" decoding=\"async\" width=\"150\" height=\"150\" src=\"https:\/\/www.icecom.is\/wp-content\/uploads\/2019\/01\/Borgarnes-Vesturland-Borgarbraut-26.-ma\u00ed-2018-e1548887304162-150x150.jpg\" class=\"attachment-thumbnail size-thumbnail\" alt=\"\" srcset=\"https:\/\/www.icecom.is\/wp-content\/uploads\/2019\/01\/Borgarnes-Vesturland-Borgarbraut-26.-ma\u00ed-2018-e1548887304162-150x150.jpg 150w, https:\/\/www.icecom.is\/wp-content\/uploads\/2019\/01\/Borgarnes-Vesturland-Borgarbraut-26.-ma\u00ed-2018-e1548887304162-100x100.jpg 100w\" sizes=\"(max-width: 150px) 100vw, 150px\" \/><\/a>\n\t\t\t<\/dt><\/dl><br style=\"clear: both\" \/><dl class='gallery-item'>\n\t\t\t<dt class='gallery-icon portrait'>\n\t\t\t\t<a class=\"thumbnail\" data-rel=\"prettyPhoto[slides]\" href='https:\/\/www.icecom.is\/wp-content\/uploads\/2019\/01\/Grindav\u00edkurb\u00e6r-Su\u00f0urnes-6.-september-20173-e1548886576426.jpg'><img loading=\"lazy\" decoding=\"async\" width=\"150\" height=\"150\" src=\"https:\/\/www.icecom.is\/wp-content\/uploads\/2019\/01\/Grindav\u00edkurb\u00e6r-Su\u00f0urnes-6.-september-20173-e1548886559432-150x150.jpg\" class=\"attachment-thumbnail size-thumbnail\" alt=\"\" \/><\/a>\n\t\t\t<\/dt><\/dl><dl class='gallery-item'>\n\t\t\t<dt class='gallery-icon portrait'>\n\t\t\t\t<a class=\"thumbnail\" data-rel=\"prettyPhoto[slides]\" href='https:\/\/www.icecom.is\/wp-content\/uploads\/2019\/01\/Gr\u00edmsnes-og-Grafningshreppur-Su\u00f0urland-11.-j\u00fal\u00ed-20181-e1548886621780.jpg'><img loading=\"lazy\" decoding=\"async\" width=\"150\" height=\"150\" src=\"https:\/\/www.icecom.is\/wp-content\/uploads\/2019\/01\/Gr\u00edmsnes-og-Grafningshreppur-Su\u00f0urland-11.-j\u00fal\u00ed-20181-e1548886598802-150x150.jpg\" class=\"attachment-thumbnail size-thumbnail\" alt=\"\" \/><\/a>\n\t\t\t<\/dt><\/dl><dl class='gallery-item'>\n\t\t\t<dt class='gallery-icon portrait'>\n\t\t\t\t<a class=\"thumbnail\" data-rel=\"prettyPhoto[slides]\" href='https:\/\/www.icecom.is\/wp-content\/uploads\/2019\/01\/Gr\u00edmsnes-og-Grafningshreppur-Su\u00f0urland-28.-\u00e1g\u00fast-20176-e1548886642940.jpg'><img loading=\"lazy\" decoding=\"async\" width=\"150\" height=\"150\" src=\"https:\/\/www.icecom.is\/wp-content\/uploads\/2019\/01\/Gr\u00edmsnes-og-Grafningshreppur-Su\u00f0urland-28.-\u00e1g\u00fast-20176-e1548886642940-150x150.jpg\" class=\"attachment-thumbnail size-thumbnail\" alt=\"\" srcset=\"https:\/\/www.icecom.is\/wp-content\/uploads\/2019\/01\/Gr\u00edmsnes-og-Grafningshreppur-Su\u00f0urland-28.-\u00e1g\u00fast-20176-e1548886642940-150x150.jpg 150w, https:\/\/www.icecom.is\/wp-content\/uploads\/2019\/01\/Gr\u00edmsnes-og-Grafningshreppur-Su\u00f0urland-28.-\u00e1g\u00fast-20176-e1548886642940-100x100.jpg 100w\" sizes=\"(max-width: 150px) 100vw, 150px\" \/><\/a>\n\t\t\t<\/dt><\/dl><dl class='gallery-item'>\n\t\t\t<dt class='gallery-icon landscape'>\n\t\t\t\t<a class=\"thumbnail\" data-rel=\"prettyPhoto[slides]\" href='https:\/\/www.icecom.is\/wp-content\/uploads\/2019\/01\/Gr\u00edmsnes-og-Grafningshreppur-Su\u00f0urland-28.-\u00e1g\u00fast-20177-e1548886657668.jpg'><img loading=\"lazy\" decoding=\"async\" width=\"150\" height=\"150\" src=\"https:\/\/www.icecom.is\/wp-content\/uploads\/2019\/01\/Gr\u00edmsnes-og-Grafningshreppur-Su\u00f0urland-28.-\u00e1g\u00fast-20177-150x150.jpg\" class=\"attachment-thumbnail size-thumbnail\" alt=\"\" srcset=\"https:\/\/www.icecom.is\/wp-content\/uploads\/2019\/01\/Gr\u00edmsnes-og-Grafningshreppur-Su\u00f0urland-28.-\u00e1g\u00fast-20177-150x150.jpg 150w, https:\/\/www.icecom.is\/wp-content\/uploads\/2019\/01\/Gr\u00edmsnes-og-Grafningshreppur-Su\u00f0urland-28.-\u00e1g\u00fast-20177-e1548886657668-100x100.jpg 100w\" sizes=\"(max-width: 150px) 100vw, 150px\" \/><\/a>\n\t\t\t<\/dt><\/dl><br style=\"clear: both\" \/><dl class='gallery-item'>\n\t\t\t<dt class='gallery-icon portrait'>\n\t\t\t\t<a class=\"thumbnail\" data-rel=\"prettyPhoto[slides]\" href='https:\/\/www.icecom.is\/wp-content\/uploads\/2019\/01\/Hrunamannahreppur-Su\u00f0urland-4.-apr\u00edl-20181-e1548886691133.jpg'><img loading=\"lazy\" decoding=\"async\" width=\"150\" height=\"150\" src=\"https:\/\/www.icecom.is\/wp-content\/uploads\/2019\/01\/Hrunamannahreppur-Su\u00f0urland-4.-apr\u00edl-20181-e1548886691133-150x150.jpg\" class=\"attachment-thumbnail size-thumbnail\" alt=\"\" srcset=\"https:\/\/www.icecom.is\/wp-content\/uploads\/2019\/01\/Hrunamannahreppur-Su\u00f0urland-4.-apr\u00edl-20181-e1548886691133-150x150.jpg 150w, https:\/\/www.icecom.is\/wp-content\/uploads\/2019\/01\/Hrunamannahreppur-Su\u00f0urland-4.-apr\u00edl-20181-e1548886691133-100x100.jpg 100w\" sizes=\"(max-width: 150px) 100vw, 150px\" \/><\/a>\n\t\t\t<\/dt><\/dl><dl class='gallery-item'>\n\t\t\t<dt class='gallery-icon portrait'>\n\t\t\t\t<a class=\"thumbnail\" data-rel=\"prettyPhoto[slides]\" href='https:\/\/www.icecom.is\/wp-content\/uploads\/2019\/01\/Hrunamannahreppur-Su\u00f0urland-17.-okt\u00f3ber-20174-e1548886724921.jpg'><img loading=\"lazy\" decoding=\"async\" width=\"150\" height=\"150\" src=\"https:\/\/www.icecom.is\/wp-content\/uploads\/2019\/01\/Hrunamannahreppur-Su\u00f0urland-17.-okt\u00f3ber-20174-e1548886724921-150x150.jpg\" class=\"attachment-thumbnail size-thumbnail\" alt=\"\" srcset=\"https:\/\/www.icecom.is\/wp-content\/uploads\/2019\/01\/Hrunamannahreppur-Su\u00f0urland-17.-okt\u00f3ber-20174-e1548886724921-150x150.jpg 150w, https:\/\/www.icecom.is\/wp-content\/uploads\/2019\/01\/Hrunamannahreppur-Su\u00f0urland-17.-okt\u00f3ber-20174-e1548886724921-100x100.jpg 100w\" sizes=\"(max-width: 150px) 100vw, 150px\" \/><\/a>\n\t\t\t<\/dt><\/dl><dl class='gallery-item'>\n\t\t\t<dt class='gallery-icon landscape'>\n\t\t\t\t<a class=\"thumbnail\" data-rel=\"prettyPhoto[slides]\" href='https:\/\/www.icecom.is\/wp-content\/uploads\/2019\/01\/H\u00f6fu\u00f0borgarsv\u00e6\u00f0i\u00f0-Kornagar\u00f0ar-2.-\u00e1g\u00fast-20171-e1548886748880.jpg'><img loading=\"lazy\" decoding=\"async\" width=\"150\" height=\"150\" src=\"https:\/\/www.icecom.is\/wp-content\/uploads\/2019\/01\/H\u00f6fu\u00f0borgarsv\u00e6\u00f0i\u00f0-Kornagar\u00f0ar-2.-\u00e1g\u00fast-20171-150x150.jpg\" class=\"attachment-thumbnail size-thumbnail\" alt=\"\" srcset=\"https:\/\/www.icecom.is\/wp-content\/uploads\/2019\/01\/H\u00f6fu\u00f0borgarsv\u00e6\u00f0i\u00f0-Kornagar\u00f0ar-2.-\u00e1g\u00fast-20171-150x150.jpg 150w, https:\/\/www.icecom.is\/wp-content\/uploads\/2019\/01\/H\u00f6fu\u00f0borgarsv\u00e6\u00f0i\u00f0-Kornagar\u00f0ar-2.-\u00e1g\u00fast-20171-e1548886748880-100x100.jpg 100w\" sizes=\"(max-width: 150px) 100vw, 150px\" \/><\/a>\n\t\t\t<\/dt><\/dl><dl class='gallery-item'>\n\t\t\t<dt class='gallery-icon portrait'>\n\t\t\t\t<a class=\"thumbnail\" data-rel=\"prettyPhoto[slides]\" href='https:\/\/www.icecom.is\/wp-content\/uploads\/2019\/01\/H\u00f6fu\u00f0borgarsv\u00e6\u00f0i\u00f0-M\u00fdrargata-12-okt\u00f3ber-2017-e1548886777769.jpg'><img loading=\"lazy\" decoding=\"async\" width=\"150\" height=\"150\" src=\"https:\/\/www.icecom.is\/wp-content\/uploads\/2019\/01\/H\u00f6fu\u00f0borgarsv\u00e6\u00f0i\u00f0-M\u00fdrargata-12-okt\u00f3ber-2017-e1548886777769-150x150.jpg\" class=\"attachment-thumbnail size-thumbnail\" alt=\"\" srcset=\"https:\/\/www.icecom.is\/wp-content\/uploads\/2019\/01\/H\u00f6fu\u00f0borgarsv\u00e6\u00f0i\u00f0-M\u00fdrargata-12-okt\u00f3ber-2017-e1548886777769-150x150.jpg 150w, https:\/\/www.icecom.is\/wp-content\/uploads\/2019\/01\/H\u00f6fu\u00f0borgarsv\u00e6\u00f0i\u00f0-M\u00fdrargata-12-okt\u00f3ber-2017-e1548886777769-100x100.jpg 100w\" sizes=\"(max-width: 150px) 100vw, 150px\" \/><\/a>\n\t\t\t<\/dt><\/dl><br style=\"clear: both\" \/>\n\t\t<\/div>\n\n<p>[\/vc_column_text][\/vc_column][\/vc_row]<\/p>\n<\/div>","protected":false},"excerpt":{"rendered":"<p>[vc_row][vc_column][vc_column_text] [\/vc_column_text][\/vc_column][\/vc_row]<\/p>\n","protected":false},"author":1,"featured_media":0,"parent":0,"menu_order":0,"comment_status":"closed","ping_status":"closed","template":"tmp-page-left-sidebar.php","meta":{"_acf_changed":false,"footnotes":""},"class_list":["post-305","page","type-page","status-publish","hentry"],"acf":[],"_links":{"self":[{"href":"https:\/\/www.icecom.is\/index.php\/wp-json\/wp\/v2\/pages\/305","targetHints":{"allow":["GET"]}}],"collection":[{"href":"https:\/\/www.icecom.is\/index.php\/wp-json\/wp\/v2\/pages"}],"about":[{"href":"https:\/\/www.icecom.is\/index.php\/wp-json\/wp\/v2\/types\/page"}],"author":[{"embeddable":true,"href":"https:\/\/www.icecom.is\/index.php\/wp-json\/wp\/v2\/users\/1"}],"replies":[{"embeddable":true,"href":"https:\/\/www.icecom.is\/index.php\/wp-json\/wp\/v2\/comments?post=305"}],"version-history":[{"count":7,"href":"https:\/\/www.icecom.is\/index.php\/wp-json\/wp\/v2\/pages\/305\/revisions"}],"predecessor-version":[{"id":335,"href":"https:\/\/www.icecom.is\/index.php\/wp-json\/wp\/v2\/pages\/305\/revisions\/335"}],"wp:attachment":[{"href":"https:\/\/www.icecom.is\/index.php\/wp-json\/wp\/v2\/media?parent=305"}],"curies":[{"name":"wp","href":"https:\/\/api.w.org\/{rel}","templated":true}]}}