{"id":1402,"date":"2022-06-16T14:30:21","date_gmt":"2022-06-16T14:30:21","guid":{"rendered":"https:\/\/www.icecom.is\/?post_type=product&#038;p=1402"},"modified":"2022-06-21T09:09:23","modified_gmt":"2022-06-21T09:09:23","slug":"otrumcast-speglun-fyrir-snjalltaeki","status":"publish","type":"product","link":"https:\/\/www.icecom.is\/index.php\/product\/otrumcast-speglun-fyrir-snjalltaeki\/","title":{"rendered":"OtrumCast &#8211; Speglun fyrir snjallt\u00e6ki"},"content":{"rendered":"<div class=\"elementor-element elementor-element-d5f6ef3 elementor-widget elementor-widget-heading\" data-id=\"d5f6ef3\" data-element_type=\"widget\" data-widget_type=\"heading.default\">\n<h2 class=\"elementor-widget-container\">Eiginleikar sem gestir elska :<\/h2>\n<\/div>\n<div class=\"elementor-element elementor-element-bfaebce elementor-widget elementor-widget-text-editor\" data-id=\"bfaebce\" data-element_type=\"widget\" data-widget_type=\"text-editor.default\">\n<div class=\"elementor-widget-container\">\n<ul>\n<li>Au\u00f0kenning \u00ed einu skrefi.<\/li>\n<li>Straumur fr\u00e1 n\u00e1nast \u00f6llum \u00f6ppum (Netflix, Hulu, Disney+ o.s.frv.)<\/li>\n<li>Vikrar b\u00e6\u00f0i me\u00f0 Android og iOS t\u00e6kjum.<\/li>\n<li>Geta haldi\u00f0 \u00e1fram a\u00f0 nota \u00f6nnur \u00f6pp \u00e1 t\u00e6kinu.<\/li>\n<li>Au\u00f0velt a\u00f0 skipta milli para\u00f0ra t\u00e6kja.<\/li>\n<\/ul>\n<div style=\"width: 1080px;\" class=\"wp-video\"><!--[if lt IE 9]><script>document.createElement('video');<\/script><![endif]-->\n<video class=\"wp-video-shortcode\" id=\"video-1402-1\" width=\"1080\" height=\"1080\" preload=\"metadata\" controls=\"controls\"><source type=\"video\/mp4\" src=\"https:\/\/www.icecom.is\/wp-content\/uploads\/2022\/06\/OTRUMCAST-VIDEO-ONLY.mp4?_=1\" \/><a href=\"https:\/\/www.icecom.is\/wp-content\/uploads\/2022\/06\/OTRUMCAST-VIDEO-ONLY.mp4\">https:\/\/www.icecom.is\/wp-content\/uploads\/2022\/06\/OTRUMCAST-VIDEO-ONLY.mp4<\/a><\/video><\/div>\n<\/div>\n<\/div>\n","protected":false},"excerpt":{"rendered":"<div class=\"elementor-element elementor-element-554eb07d elementor-widget elementor-widget-heading\" data-id=\"554eb07d\" data-element_type=\"widget\" data-widget_type=\"heading.default\">\n<div class=\"elementor-widget-container\">\n<h1>OtrumCast<\/h1>\n<h4>Gerir h\u00f3telgestum kleyft a\u00f0 streyma s\u00ednu efni \u00e1 einfaldann h\u00e1tt.<\/h4>\n<\/div>\n<\/div>\n<div class=\"elementor-element elementor-element-cd28bdb elementor-widget elementor-widget-heading\" data-id=\"cd28bdb\" data-element_type=\"widget\" data-widget_type=\"heading.default\">\n<div class=\"elementor-widget-container\">\n<p>Kerfi\u00f0 notast vi\u00f0 Google Chromecast, OtrumCast sty\u00f0ur vandkv\u00e6\u00f0a laust b\u00e6\u00f0i Android og\u00a0 iOS snjallt\u00e6ki me\u00f0 \u00f6ruggri au\u00f0kenningu fyrir innanherbergis streymi .<\/p>\n<p>&nbsp;<\/p>\n<p><b>Vandr\u00e6\u00f0alaus lausn fyrir gesti til a\u00f0 koma me\u00f0 sitt efni inn \u00ed herbergi\u00f0:<\/b><\/p>\n<ul>\n<li>Android &amp; iOS samh\u00e6ft.<\/li>\n<li>\u00d6rugg au\u00f0kenning t\u00e6kja gesta<\/li>\n<li>\u00d6ll g\u00f6gn gesta hreinsu\u00f0 vi\u00f0 &#8222;checkout&#8220;<\/li>\n<li>\u2018heima\u2019 speglunar (v\u00f6rpunar) upplifun<\/li>\n<li>1000+ appa samh\u00e6fni<\/li>\n<\/ul>\n<div class=\"elementor-element elementor-element-d5f6ef3 elementor-widget elementor-widget-heading\" data-id=\"d5f6ef3\" data-element_type=\"widget\" data-widget_type=\"heading.default\">\n<div class=\"elementor-widget-container\"><img fetchpriority=\"high\" decoding=\"async\" class=\"alignnone size-full wp-image-1405\" src=\"https:\/\/www.icecom.is\/wp-content\/uploads\/2022\/06\/Mynd1.png\" alt=\"\" width=\"360\" height=\"323\" srcset=\"https:\/\/www.icecom.is\/wp-content\/uploads\/2022\/06\/Mynd1.png 360w, https:\/\/www.icecom.is\/wp-content\/uploads\/2022\/06\/Mynd1-300x269.png 300w\" sizes=\"(max-width: 360px) 100vw, 360px\" \/><\/div>\n<\/div>\n<div class=\"elementor-element elementor-element-bfaebce elementor-widget elementor-widget-text-editor\" data-id=\"bfaebce\" data-element_type=\"widget\" data-widget_type=\"text-editor.default\">\n<div class=\"elementor-widget-container\">\n<p>Hafi\u00f0 samband : <a href=\"mailto:hotel@icecom.is\">hotel@icecom.is<\/a><\/p>\n<\/div>\n<\/div>\n<\/div>\n<\/div>\n","protected":false},"featured_media":1418,"template":"","meta":{"_acf_changed":false},"product_cat":[20],"product_tag":[],"class_list":{"0":"post-1402","1":"product","2":"type-product","3":"status-publish","4":"has-post-thumbnail","6":"product_cat-hotel-sjonvarpskerfi","8":"first","9":"instock","10":"taxable","11":"shipping-taxable","12":"product-type-simple"},"acf":[],"_links":{"self":[{"href":"https:\/\/www.icecom.is\/index.php\/wp-json\/wp\/v2\/product\/1402","targetHints":{"allow":["GET"]}}],"collection":[{"href":"https:\/\/www.icecom.is\/index.php\/wp-json\/wp\/v2\/product"}],"about":[{"href":"https:\/\/www.icecom.is\/index.php\/wp-json\/wp\/v2\/types\/product"}],"wp:featuredmedia":[{"embeddable":true,"href":"https:\/\/www.icecom.is\/index.php\/wp-json\/wp\/v2\/media\/1418"}],"wp:attachment":[{"href":"https:\/\/www.icecom.is\/index.php\/wp-json\/wp\/v2\/media?parent=1402"}],"wp:term":[{"taxonomy":"product_cat","embeddable":true,"href":"https:\/\/www.icecom.is\/index.php\/wp-json\/wp\/v2\/product_cat?post=1402"},{"taxonomy":"product_tag","embeddable":true,"href":"https:\/\/www.icecom.is\/index.php\/wp-json\/wp\/v2\/product_tag?post=1402"}],"curies":[{"name":"wp","href":"https:\/\/api.w.org\/{rel}","templated":true}]}}