{"id":1406,"date":"2022-06-20T10:55:55","date_gmt":"2022-06-20T10:55:55","guid":{"rendered":"https:\/\/www.icecom.is\/?post_type=product&#038;p=1406"},"modified":"2022-06-20T10:56:20","modified_gmt":"2022-06-20T10:56:20","slug":"virdee-rafraen-gestamottaka","status":"publish","type":"product","link":"https:\/\/www.icecom.is\/index.php\/product\/virdee-rafraen-gestamottaka\/","title":{"rendered":"Virdee &#8211; Rafr\u00e6n gestam\u00f3ttaka"},"content":{"rendered":"<p>Allt fr\u00e1 \u00fev\u00ed a\u00f0 uppf\u00e6ra herbergi yfir \u00ed a\u00f0 selja late check -out og \u00ed raun h\u00e6gt a\u00f0 setja hva\u00f0 sem er inn \u00ed appi\u00f0. B\u00e6ttu vi\u00f0 mat- og drykkjarse\u00f0li, seldu upplifanir e\u00f0a hva\u00f0 \u00fea\u00f0 sem \u00fe\u00e9r hentar.<\/p>\n<p><a href=\"https:\/\/www.icecom.is\/wp-content\/uploads\/2022\/06\/555715007.html\">Kynningar myndband &#8211; Standur (Kiosk)\u00a0<\/a><\/p>\n<figure id=\"attachment_1407\" class=\"thumbnail wp-caption alignleft\" style=\"width: 247px\"><img fetchpriority=\"high\" decoding=\"async\" class=\"wp-image-1407\" src=\"https:\/\/www.icecom.is\/wp-content\/uploads\/2022\/06\/Kiosk-table-pay-terminal-3-room-upgrade-703x1024-1.png\" alt=\"\" width=\"247\" height=\"360\" srcset=\"https:\/\/www.icecom.is\/wp-content\/uploads\/2022\/06\/Kiosk-table-pay-terminal-3-room-upgrade-703x1024-1.png 703w, https:\/\/www.icecom.is\/wp-content\/uploads\/2022\/06\/Kiosk-table-pay-terminal-3-room-upgrade-703x1024-1-206x300.png 206w, https:\/\/www.icecom.is\/wp-content\/uploads\/2022\/06\/Kiosk-table-pay-terminal-3-room-upgrade-703x1024-1-600x874.png 600w\" sizes=\"(max-width: 247px) 100vw, 247px\" \/><figcaption class=\"caption wp-caption-text\">Standur &#8211; Kiosk<\/figcaption><\/figure>\n<p>&nbsp;<\/p>\n<p>&nbsp;<\/p>\n<p>&nbsp;<\/p>\n<p>&nbsp;<\/p>\n<p>&nbsp;<\/p>\n<p>&nbsp;<\/p>\n<p>&nbsp;<\/p>\n<p>&nbsp;<\/p>\n<p>&nbsp;<\/p>\n<p>&nbsp;<\/p>\n<p>&nbsp;<\/p>\n<p><a href=\"https:\/\/www.icecom.is\/wp-content\/uploads\/2022\/06\/624128480.html\">Kynningar myndband &#8211; Snjallt\u00e6kja app<\/a><\/p>\n<p><a href=\"https:\/\/www.icecom.is\/wp-content\/uploads\/2022\/06\/624128480.html\"> <img decoding=\"async\" class=\"wp-image-1411 alignleft\" src=\"https:\/\/www.icecom.is\/wp-content\/uploads\/2022\/06\/Lock-Dorma-720x1024.png\" alt=\"Herbergislykillinn \u00ed s\u00edmanum\" width=\"240\" height=\"342\" srcset=\"https:\/\/www.icecom.is\/wp-content\/uploads\/2022\/06\/Lock-Dorma-720x1024.png 720w, https:\/\/www.icecom.is\/wp-content\/uploads\/2022\/06\/Lock-Dorma-211x300.png 211w, https:\/\/www.icecom.is\/wp-content\/uploads\/2022\/06\/Lock-Dorma-768x1093.png 768w, https:\/\/www.icecom.is\/wp-content\/uploads\/2022\/06\/Lock-Dorma-600x854.png 600w, https:\/\/www.icecom.is\/wp-content\/uploads\/2022\/06\/Lock-Dorma.png 799w\" sizes=\"(max-width: 240px) 100vw, 240px\" \/><\/a><\/p>\n","protected":false},"excerpt":{"rendered":"<p>Virdee &#8211; Rafr\u00e6n gestam\u00f3ttaka. Hentar \u00ed mannlausa gestam\u00f3tt\u00f6ku en einnig til a\u00f0 taka n\u00e6turvaktina \u00ed m\u00f3tt\u00f6kunni e\u00f0a til a\u00f0 auka fl\u00e6\u00f0i.<\/p>\n<p>N\u00e1nari uppl\u00fdsingar: <a href=\"mailto:hotel@icecom.is\">hotel@icecom.is<\/a><\/p>\n","protected":false},"featured_media":1407,"template":"","meta":{"_acf_changed":false},"product_cat":[20],"product_tag":[],"class_list":{"0":"post-1406","1":"product","2":"type-product","3":"status-publish","4":"has-post-thumbnail","6":"product_cat-hotel-sjonvarpskerfi","8":"first","9":"instock","10":"taxable","11":"shipping-taxable","12":"product-type-simple"},"acf":[],"_links":{"self":[{"href":"https:\/\/www.icecom.is\/index.php\/wp-json\/wp\/v2\/product\/1406","targetHints":{"allow":["GET"]}}],"collection":[{"href":"https:\/\/www.icecom.is\/index.php\/wp-json\/wp\/v2\/product"}],"about":[{"href":"https:\/\/www.icecom.is\/index.php\/wp-json\/wp\/v2\/types\/product"}],"wp:featuredmedia":[{"embeddable":true,"href":"https:\/\/www.icecom.is\/index.php\/wp-json\/wp\/v2\/media\/1407"}],"wp:attachment":[{"href":"https:\/\/www.icecom.is\/index.php\/wp-json\/wp\/v2\/media?parent=1406"}],"wp:term":[{"taxonomy":"product_cat","embeddable":true,"href":"https:\/\/www.icecom.is\/index.php\/wp-json\/wp\/v2\/product_cat?post=1406"},{"taxonomy":"product_tag","embeddable":true,"href":"https:\/\/www.icecom.is\/index.php\/wp-json\/wp\/v2\/product_tag?post=1406"}],"curies":[{"name":"wp","href":"https:\/\/api.w.org\/{rel}","templated":true}]}}