{"id":1489,"date":"2022-10-12T11:43:52","date_gmt":"2022-10-12T11:43:52","guid":{"rendered":"https:\/\/www.icecom.is\/?post_type=product&#038;p=1489"},"modified":"2022-10-12T15:58:15","modified_gmt":"2022-10-12T15:58:15","slug":"dimee-sb3-innraudur-hitalampi","status":"publish","type":"product","link":"https:\/\/www.icecom.is\/index.php\/product\/dimee-sb3-innraudur-hitalampi\/","title":{"rendered":"Dimee SB3 Innrau\u00f0ur hitalampi"},"content":{"rendered":"<h3><strong>Innrau\u00f0ur hitalampi\u00a0 fyrir hesta<\/strong><\/h3>\n<p>IR Hitalampinn er\u00a0 \u00far ri\u00f0fr\u00edu st\u00e1li\u00a0 og er\u00a0 me\u00f0 12 stk\u00a0 200w Quarts IR perum<\/p>\n<p>Lampinn kemur tilb\u00fainn til notkunar, me\u00f0 3 metra kapli, rakaheldum rafmagnskassa og rafmagnskl\u00f3<\/p>\n<p>\u00c1 rafmagnskassanum er dimmer og h\u00f6fu\u00f0rofi og ni\u00f0urteljari.<\/p>\n<p>St\u00e6r\u00f0in er 1200mm x 1500mm x 150 mm<\/p>\n<p>&nbsp;<\/p>\n<p>A horse solarium is a system of multiple large red lamps emitting infrared (IR) rays. IR is a form of heat radiation, not to be confused with ultraviolet (UV) radiation, which provides a source of artificial sunlight for stable-kept horses.<\/p>\n<p>IR rays are capable of penetrating deep into the body, elevating the body\u2019s surface temperature, and activating major bodily functions. The capillaries expand to stimulate\u00a0blood flow, regeneration, circulation, and oxygenation. This promotes the rebuilding of injured tissue, the elimination of toxins (lactic acid), stimulates metabolism for improved digestion, and promotes the killing of many pathogens and parasites that cause illness.<\/p>\n<p>IR rays relax muscles and relieve tension, producing a calming effect that helps the body to heal and reduce soreness.<\/p>\n<p>IR rays also strengthen the immune system by stimulating the production of white blood cells. Equine Solariums can help improve your horse\u2019s performance and condition. The heat energy penetrates the skin into the underlying muscle and helps stimulate blood circulation. This improves muscle elasticity; therefore,\u00a0helps recovery from and reduction of injuries. A pre-exercise warm-up under the solarium will loosen and relax muscles, improving training performance and reducing injury. Solariums help your horse recover sooner after exercise, because the stimulated circulation allows the muscles to absorb blood sugars quicker and speeds\u00a0up the elimination of waste products from their system. A solarium is ideal for warming, drying, and loosening muscles after exercise and wash-downs. IR therapy is gaining popularity as a safe method of natural health care and physiotherapy for both humans and horses<\/p>\n<p>&nbsp;<\/p>\n<p>&nbsp;<\/p>\n","protected":false},"excerpt":{"rendered":"<p>Innrau\u00f0ur hitalampi\u00a0 fyrir hesta IR Hitalampinn er\u00a0 \u00far ri\u00f0fr\u00edu st\u00e1li\u00a0 og er\u00a0 me\u00f0 12 stk\u00a0 200w Quarts IR perum Lampinn kemur tilb\u00fainn til notkunar, me\u00f0 3 metra kapli, rakaheldum rafmagnskassa<\/p>\n","protected":false},"featured_media":1491,"template":"","meta":{"_acf_changed":false},"product_cat":[117],"product_tag":[],"class_list":{"0":"post-1489","1":"product","2":"type-product","3":"status-publish","4":"has-post-thumbnail","6":"product_cat-hitalampar","8":"first","9":"instock","10":"taxable","11":"shipping-taxable","12":"product-type-simple"},"acf":[],"_links":{"self":[{"href":"https:\/\/www.icecom.is\/index.php\/wp-json\/wp\/v2\/product\/1489","targetHints":{"allow":["GET"]}}],"collection":[{"href":"https:\/\/www.icecom.is\/index.php\/wp-json\/wp\/v2\/product"}],"about":[{"href":"https:\/\/www.icecom.is\/index.php\/wp-json\/wp\/v2\/types\/product"}],"wp:featuredmedia":[{"embeddable":true,"href":"https:\/\/www.icecom.is\/index.php\/wp-json\/wp\/v2\/media\/1491"}],"wp:attachment":[{"href":"https:\/\/www.icecom.is\/index.php\/wp-json\/wp\/v2\/media?parent=1489"}],"wp:term":[{"taxonomy":"product_cat","embeddable":true,"href":"https:\/\/www.icecom.is\/index.php\/wp-json\/wp\/v2\/product_cat?post=1489"},{"taxonomy":"product_tag","embeddable":true,"href":"https:\/\/www.icecom.is\/index.php\/wp-json\/wp\/v2\/product_tag?post=1489"}],"curies":[{"name":"wp","href":"https:\/\/api.w.org\/{rel}","templated":true}]}}