{"id":1501,"date":"2023-01-19T17:20:39","date_gmt":"2023-01-19T17:20:39","guid":{"rendered":"https:\/\/www.icecom.is\/?post_type=product&#038;p=1501"},"modified":"2023-01-19T17:23:54","modified_gmt":"2023-01-19T17:23:54","slug":"indigovision-myndavelar","status":"publish","type":"product","link":"https:\/\/www.icecom.is\/index.php\/product\/indigovision-myndavelar\/","title":{"rendered":"Indigovision Myndav\u00e9lar"},"content":{"rendered":"","protected":false},"excerpt":{"rendered":"<p>Myndav\u00e9lar og uppt\u00f6kub\u00fana\u00f0ur fr\u00e1 Indigovision sem h\u00e6gt er a\u00f0 sn\u00ed\u00f0a a\u00f0 \u00fe\u00ednum \u00fe\u00f6rfum.<\/p>\n<p>N\u00e1nari uppl\u00fdsingar: <a href=\"mailto:icecom@icecom.is\">icecom@icecom.is<\/a><\/p>\n","protected":false},"featured_media":1166,"template":"","meta":{"_acf_changed":false},"product_cat":[22],"product_tag":[],"class_list":{"0":"post-1501","1":"product","2":"type-product","3":"status-publish","4":"has-post-thumbnail","6":"product_cat-myndavelakerfi","8":"first","9":"instock","10":"taxable","11":"shipping-taxable","12":"product-type-simple"},"acf":[],"_links":{"self":[{"href":"https:\/\/www.icecom.is\/index.php\/wp-json\/wp\/v2\/product\/1501","targetHints":{"allow":["GET"]}}],"collection":[{"href":"https:\/\/www.icecom.is\/index.php\/wp-json\/wp\/v2\/product"}],"about":[{"href":"https:\/\/www.icecom.is\/index.php\/wp-json\/wp\/v2\/types\/product"}],"wp:featuredmedia":[{"embeddable":true,"href":"https:\/\/www.icecom.is\/index.php\/wp-json\/wp\/v2\/media\/1166"}],"wp:attachment":[{"href":"https:\/\/www.icecom.is\/index.php\/wp-json\/wp\/v2\/media?parent=1501"}],"wp:term":[{"taxonomy":"product_cat","embeddable":true,"href":"https:\/\/www.icecom.is\/index.php\/wp-json\/wp\/v2\/product_cat?post=1501"},{"taxonomy":"product_tag","embeddable":true,"href":"https:\/\/www.icecom.is\/index.php\/wp-json\/wp\/v2\/product_tag?post=1501"}],"curies":[{"name":"wp","href":"https:\/\/api.w.org\/{rel}","templated":true}]}}