{"id":1529,"date":"2025-08-28T15:34:13","date_gmt":"2025-08-28T15:34:13","guid":{"rendered":"https:\/\/www.icecom.is\/?post_type=product&#038;p=1529"},"modified":"2025-08-28T15:52:42","modified_gmt":"2025-08-28T15:52:42","slug":"scafftag-vinnupallamerkingar","status":"publish","type":"product","link":"https:\/\/www.icecom.is\/index.php\/product\/scafftag-vinnupallamerkingar\/","title":{"rendered":"Scafftag R\u00f6rapallamerking"},"content":{"rendered":"<p>Vinnupallamerkingar \u00e1 \u00edslensku \u00ed samr\u00e6mi vi\u00f0 \u00cdST EN 12811<\/p>\n<p>Uppsetningar og sko\u00f0unarsk\u00fdrsla<\/p>\n","protected":false},"excerpt":{"rendered":"<p>Vinnupallamerkingar \u00e1 \u00edslensku \u00ed samr\u00e6mi vi\u00f0 \u00cdST EN 12811 Uppsetningar og sko\u00f0unarsk\u00fdrsla<\/p>\n","protected":false},"featured_media":1531,"template":"","meta":{"_acf_changed":false},"product_cat":[123],"product_tag":[112,101,102,122],"class_list":{"0":"post-1529","1":"product","2":"type-product","3":"status-publish","4":"has-post-thumbnail","6":"product_cat-scafftag-pallamerkingar","7":"product_tag-brady","8":"product_tag-idnadur","9":"product_tag-oryggisvorur","10":"product_tag-scafftag","12":"first","13":"instock","14":"taxable","15":"shipping-taxable","16":"product-type-simple"},"acf":[],"_links":{"self":[{"href":"https:\/\/www.icecom.is\/index.php\/wp-json\/wp\/v2\/product\/1529","targetHints":{"allow":["GET"]}}],"collection":[{"href":"https:\/\/www.icecom.is\/index.php\/wp-json\/wp\/v2\/product"}],"about":[{"href":"https:\/\/www.icecom.is\/index.php\/wp-json\/wp\/v2\/types\/product"}],"wp:featuredmedia":[{"embeddable":true,"href":"https:\/\/www.icecom.is\/index.php\/wp-json\/wp\/v2\/media\/1531"}],"wp:attachment":[{"href":"https:\/\/www.icecom.is\/index.php\/wp-json\/wp\/v2\/media?parent=1529"}],"wp:term":[{"taxonomy":"product_cat","embeddable":true,"href":"https:\/\/www.icecom.is\/index.php\/wp-json\/wp\/v2\/product_cat?post=1529"},{"taxonomy":"product_tag","embeddable":true,"href":"https:\/\/www.icecom.is\/index.php\/wp-json\/wp\/v2\/product_tag?post=1529"}],"curies":[{"name":"wp","href":"https:\/\/api.w.org\/{rel}","templated":true}]}}