{"id":173,"date":"2018-11-20T20:34:56","date_gmt":"2018-11-20T20:34:56","guid":{"rendered":"http:\/\/ww.icecom.is\/?post_type=product&#038;p=173"},"modified":"2019-11-13T13:29:51","modified_gmt":"2019-11-13T13:29:51","slug":"fibreglass-740","status":"publish","type":"product","link":"https:\/\/www.icecom.is\/index.php\/product\/fibreglass-740\/","title":{"rendered":"Fibreglass-740"},"content":{"rendered":"","protected":false},"excerpt":{"rendered":"<p>Fibreglass stigar og tr\u00f6ppur framleiddar fyrir Evr\u00f3pumarka\u00f0 samkv\u00e6mt EN-131 sta\u00f0li.<\/p>\n<p>Fibreglass tr\u00f6ppur 740 eru til \u00ed 4 \u00ferepa til 10 \u00ferepa \u00fatg\u00e1fum.<\/p>\n<p>&nbsp;<\/p>\n<p><a href=\"http:\/\/ww.icecom.is\/wp-content\/uploads\/2018\/11\/fibreglasstrppurmverum.pdf\" target=\"_blank\" rel=\"noopener noreferrer\">fibreglasstrppurmverum<\/a><\/p>\n","protected":false},"featured_media":214,"template":"","meta":{"_acf_changed":false},"product_cat":[51],"product_tag":[101,102],"class_list":{"0":"post-173","1":"product","2":"type-product","3":"status-publish","4":"has-post-thumbnail","6":"product_cat-stigar-og-troppur","7":"product_tag-idnadur","8":"product_tag-oryggisvorur","10":"first","11":"instock","12":"taxable","13":"shipping-taxable","14":"product-type-simple"},"acf":[],"_links":{"self":[{"href":"https:\/\/www.icecom.is\/index.php\/wp-json\/wp\/v2\/product\/173","targetHints":{"allow":["GET"]}}],"collection":[{"href":"https:\/\/www.icecom.is\/index.php\/wp-json\/wp\/v2\/product"}],"about":[{"href":"https:\/\/www.icecom.is\/index.php\/wp-json\/wp\/v2\/types\/product"}],"wp:featuredmedia":[{"embeddable":true,"href":"https:\/\/www.icecom.is\/index.php\/wp-json\/wp\/v2\/media\/214"}],"wp:attachment":[{"href":"https:\/\/www.icecom.is\/index.php\/wp-json\/wp\/v2\/media?parent=173"}],"wp:term":[{"taxonomy":"product_cat","embeddable":true,"href":"https:\/\/www.icecom.is\/index.php\/wp-json\/wp\/v2\/product_cat?post=173"},{"taxonomy":"product_tag","embeddable":true,"href":"https:\/\/www.icecom.is\/index.php\/wp-json\/wp\/v2\/product_tag?post=173"}],"curies":[{"name":"wp","href":"https:\/\/api.w.org\/{rel}","templated":true}]}}