{"id":408,"date":"2019-03-25T10:38:33","date_gmt":"2019-03-25T10:38:33","guid":{"rendered":"http:\/\/www.icecom.is\/?post_type=product&#038;p=408"},"modified":"2019-11-13T15:17:35","modified_gmt":"2019-11-13T15:17:35","slug":"bmp-21-plus","status":"publish","type":"product","link":"https:\/\/www.icecom.is\/index.php\/product\/bmp-21-plus\/","title":{"rendered":"BMP-21 Plus"},"content":{"rendered":"","protected":false},"excerpt":{"rendered":"<p>Brady BMP21-PLUS\u00a0 er handheldur prentari sem au\u00f0velt er a\u00f0 me\u00f0h\u00f6ndla og veitir fram\u00farskarandi prent g\u00e6\u00f0i \u00e1 \u00fdmsum efnum sem Brady b\u00fd\u00f0ur upp \u00e1. BMP21-PLUS vinnur me\u00f0 thermal transfer t\u00e6kni, sem gefur fram\u00farskarandi prentg\u00e6\u00f0i og endingu, jafnvel \u00ed mj\u00f6g krefjandi umhverfi.<br \/>\nSt\u00f3r LCD skj\u00e1r gerir \u00fea\u00f0 au\u00f0velt a\u00f0 sl\u00e1 inn uppl\u00fdsingar jafnvel \u00feegar lj\u00f3si\u00f0 er l\u00edti\u00f0. Allt a\u00f0 \u00ferj\u00e1r l\u00ednur eru s\u00fdndar samt\u00edmis.<br \/>\nHelstu eiginleikar<br \/>\nPrentar \u00e1 fj\u00f6lbreytt efni, samtals 8 mismunandi tegundir, \u00fear me\u00f0 talin sj\u00e1lfhyljandi bor\u00f0ar og PermasleeveTM herpi\u00e1drag.<br \/>\nSnjallt\u00e6kni, sem \u00fe\u00fd\u00f0ir a\u00f0 prentari s\u00e9r efni\u00f0 sem sett er \u00ed v\u00e9lina og gerir nau\u00f0synlegar stillingar<br \/>\nInnbygg\u00f0ar styllingar fyrir kapal og v\u00edramerkingar , patch panel, datacom,\u00a0 ofl.<br \/>\nSj\u00e1lvirkar serial merkingar<\/p>\n<p>Rechargeable Li-Ion rafhla\u00f0a e\u00f0a AA rafhl\u00f6\u00f0ur<br \/>\nSj\u00e1lfvirk leturst\u00e6r\u00f0<br \/>\nInnbygg\u00f0 graf\u00edsk t\u00e1kn og strikamerki. Alls 104 t\u00e1kn<br \/>\nMinni til a\u00f0 geyma allt a\u00f0 10 merki<br \/>\n203 dpi upplausn<br \/>\n4 breiddir af bor\u00f0um :6,3,\u00a0 9,5,\u00a0 12,7 og 19,1 mm 3 breiddir af herpi\u00e1dr\u00f6gum 9,5 12,7 og 19mm.<br \/>\nAukab\u00fana\u00f0ur (segull, beltisfesting, vasalj\u00f3s, standur)<\/p>\n","protected":false},"featured_media":450,"template":"","meta":{"_acf_changed":false},"product_cat":[61],"product_tag":[112,104,102,99,103],"class_list":{"0":"post-408","1":"product","2":"type-product","3":"status-publish","4":"has-post-thumbnail","6":"product_cat-brady_handprentarar","7":"product_tag-brady","8":"product_tag-merkingar","9":"product_tag-oryggisvorur","10":"product_tag-prentarar","11":"product_tag-prentun","13":"first","14":"instock","15":"taxable","16":"shipping-taxable","17":"product-type-simple"},"acf":[],"_links":{"self":[{"href":"https:\/\/www.icecom.is\/index.php\/wp-json\/wp\/v2\/product\/408","targetHints":{"allow":["GET"]}}],"collection":[{"href":"https:\/\/www.icecom.is\/index.php\/wp-json\/wp\/v2\/product"}],"about":[{"href":"https:\/\/www.icecom.is\/index.php\/wp-json\/wp\/v2\/types\/product"}],"wp:featuredmedia":[{"embeddable":true,"href":"https:\/\/www.icecom.is\/index.php\/wp-json\/wp\/v2\/media\/450"}],"wp:attachment":[{"href":"https:\/\/www.icecom.is\/index.php\/wp-json\/wp\/v2\/media?parent=408"}],"wp:term":[{"taxonomy":"product_cat","embeddable":true,"href":"https:\/\/www.icecom.is\/index.php\/wp-json\/wp\/v2\/product_cat?post=408"},{"taxonomy":"product_tag","embeddable":true,"href":"https:\/\/www.icecom.is\/index.php\/wp-json\/wp\/v2\/product_tag?post=408"}],"curies":[{"name":"wp","href":"https:\/\/api.w.org\/{rel}","templated":true}]}}