{"id":429,"date":"2019-03-26T14:00:02","date_gmt":"2019-03-26T14:00:02","guid":{"rendered":"http:\/\/www.icecom.is\/?post_type=product&#038;p=429"},"modified":"2019-11-13T15:17:34","modified_gmt":"2019-11-13T15:17:34","slug":"bmp51","status":"publish","type":"product","link":"https:\/\/www.icecom.is\/index.php\/product\/bmp51\/","title":{"rendered":"BMP51"},"content":{"rendered":"","protected":false},"excerpt":{"rendered":"<p>Brady BMP51 er fj\u00f6lh\u00e6fur handheldur prentari sem er me\u00f0 innbygg\u00f0ri Bluetooth\u00ae t\u00e6kni fyrir \u00fer\u00e1\u00f0lausa prentun.<br \/>\n\u00deessi prentari er me\u00f0 300 dpi prent haus sem gerir honum kleyft a\u00f0 prenta \u00e1 fagmannlegan og\u00a0 varanlegan h\u00e1tt allt upp a\u00f0 38,10 mm breidd.<br \/>\nSl\u00f3\u00f0 fyrir n\u00e1nari upp\u00fdsingar:\u00a0<strong><em><a href=\"http:\/\/catalogues.bradydownloads.com\/books\/fxfx\/#p=42\">BMP51 b\u00e6klingur<\/a><\/em><\/strong><\/p>\n","protected":false},"featured_media":463,"template":"","meta":{"_acf_changed":false},"product_cat":[61],"product_tag":[112,104,102,99,103],"class_list":{"0":"post-429","1":"product","2":"type-product","3":"status-publish","4":"has-post-thumbnail","6":"product_cat-brady_handprentarar","7":"product_tag-brady","8":"product_tag-merkingar","9":"product_tag-oryggisvorur","10":"product_tag-prentarar","11":"product_tag-prentun","13":"first","14":"instock","15":"taxable","16":"shipping-taxable","17":"product-type-simple"},"acf":[],"_links":{"self":[{"href":"https:\/\/www.icecom.is\/index.php\/wp-json\/wp\/v2\/product\/429","targetHints":{"allow":["GET"]}}],"collection":[{"href":"https:\/\/www.icecom.is\/index.php\/wp-json\/wp\/v2\/product"}],"about":[{"href":"https:\/\/www.icecom.is\/index.php\/wp-json\/wp\/v2\/types\/product"}],"wp:featuredmedia":[{"embeddable":true,"href":"https:\/\/www.icecom.is\/index.php\/wp-json\/wp\/v2\/media\/463"}],"wp:attachment":[{"href":"https:\/\/www.icecom.is\/index.php\/wp-json\/wp\/v2\/media?parent=429"}],"wp:term":[{"taxonomy":"product_cat","embeddable":true,"href":"https:\/\/www.icecom.is\/index.php\/wp-json\/wp\/v2\/product_cat?post=429"},{"taxonomy":"product_tag","embeddable":true,"href":"https:\/\/www.icecom.is\/index.php\/wp-json\/wp\/v2\/product_tag?post=429"}],"curies":[{"name":"wp","href":"https:\/\/api.w.org\/{rel}","templated":true}]}}