{"id":466,"date":"2019-04-15T14:21:38","date_gmt":"2019-04-15T14:21:38","guid":{"rendered":"http:\/\/www.icecom.is\/?post_type=product&#038;p=466"},"modified":"2019-11-13T15:17:34","modified_gmt":"2019-11-13T15:17:34","slug":"m611","status":"publish","type":"product","link":"https:\/\/www.icecom.is\/index.php\/product\/m611\/","title":{"rendered":"M611"},"content":{"rendered":"","protected":false},"excerpt":{"rendered":"<p>M611 prentarinn er snjalls\u00edma stj\u00f3rna\u00f0ur prentari fyrir kapla og \u00edhluti, ranns\u00f3knarstofu s\u00fdni og fl\u00f3knar merkingar, v\u00edra og t\u00f6flumerkingar fyrir rafmagns og fjarskiptari\u00f0na\u00f0<\/p>\n","protected":false},"featured_media":481,"template":"","meta":{"_acf_changed":false},"product_cat":[61],"product_tag":[112,104,102,99,103],"class_list":{"0":"post-466","1":"product","2":"type-product","3":"status-publish","4":"has-post-thumbnail","6":"product_cat-brady_handprentarar","7":"product_tag-brady","8":"product_tag-merkingar","9":"product_tag-oryggisvorur","10":"product_tag-prentarar","11":"product_tag-prentun","13":"first","14":"instock","15":"taxable","16":"shipping-taxable","17":"product-type-simple"},"acf":[],"_links":{"self":[{"href":"https:\/\/www.icecom.is\/index.php\/wp-json\/wp\/v2\/product\/466","targetHints":{"allow":["GET"]}}],"collection":[{"href":"https:\/\/www.icecom.is\/index.php\/wp-json\/wp\/v2\/product"}],"about":[{"href":"https:\/\/www.icecom.is\/index.php\/wp-json\/wp\/v2\/types\/product"}],"wp:featuredmedia":[{"embeddable":true,"href":"https:\/\/www.icecom.is\/index.php\/wp-json\/wp\/v2\/media\/481"}],"wp:attachment":[{"href":"https:\/\/www.icecom.is\/index.php\/wp-json\/wp\/v2\/media?parent=466"}],"wp:term":[{"taxonomy":"product_cat","embeddable":true,"href":"https:\/\/www.icecom.is\/index.php\/wp-json\/wp\/v2\/product_cat?post=466"},{"taxonomy":"product_tag","embeddable":true,"href":"https:\/\/www.icecom.is\/index.php\/wp-json\/wp\/v2\/product_tag?post=466"}],"curies":[{"name":"wp","href":"https:\/\/api.w.org\/{rel}","templated":true}]}}