{"id":516,"date":"2019-04-15T16:46:07","date_gmt":"2019-04-15T16:46:07","guid":{"rendered":"http:\/\/www.icecom.is\/?post_type=product&#038;p=516"},"modified":"2019-11-13T15:04:05","modified_gmt":"2019-11-13T15:04:05","slug":"wraptor-a6500","status":"publish","type":"product","link":"https:\/\/www.icecom.is\/index.php\/product\/wraptor-a6500\/","title":{"rendered":"Wraptor A6500"},"content":{"rendered":"","protected":false},"excerpt":{"rendered":"<p>Wraptor A6500<\/p>\n<p>&nbsp;<\/p>\n<p>Brady b\u00e6klingur me\u00f0 n\u00e1nari uppl\u00fdsingar um alla prentara: <a href=\"http:\/\/www.icecom.is\/wp-content\/plugins\/pdfjs-viewer-shortcode\/pdfjs\/web\/viewer.php?file=http%3A%2F%2Fwww.icecom.is%2Fwp-content%2Fuploads%2F2019%2F04%2FPWID_Catalogue_Europe_English.pdf&amp;download=true&amp;print=true&amp;openfile=false\"><em><strong>B\u00e6klingur<\/strong><\/em><\/a><\/p>\n<p>&nbsp;<\/p>\n","protected":false},"featured_media":518,"template":"","meta":{"_acf_changed":false},"product_cat":[60],"product_tag":[104,102,99,103,106],"class_list":{"0":"post-516","1":"product","2":"type-product","3":"status-publish","4":"has-post-thumbnail","6":"product_cat-brady_bordprentarar","7":"product_tag-merkingar","8":"product_tag-oryggisvorur","9":"product_tag-prentarar","10":"product_tag-prentun","11":"product_tag-rafidnadur","13":"first","14":"instock","15":"taxable","16":"shipping-taxable","17":"product-type-simple"},"acf":[],"_links":{"self":[{"href":"https:\/\/www.icecom.is\/index.php\/wp-json\/wp\/v2\/product\/516","targetHints":{"allow":["GET"]}}],"collection":[{"href":"https:\/\/www.icecom.is\/index.php\/wp-json\/wp\/v2\/product"}],"about":[{"href":"https:\/\/www.icecom.is\/index.php\/wp-json\/wp\/v2\/types\/product"}],"wp:featuredmedia":[{"embeddable":true,"href":"https:\/\/www.icecom.is\/index.php\/wp-json\/wp\/v2\/media\/518"}],"wp:attachment":[{"href":"https:\/\/www.icecom.is\/index.php\/wp-json\/wp\/v2\/media?parent=516"}],"wp:term":[{"taxonomy":"product_cat","embeddable":true,"href":"https:\/\/www.icecom.is\/index.php\/wp-json\/wp\/v2\/product_cat?post=516"},{"taxonomy":"product_tag","embeddable":true,"href":"https:\/\/www.icecom.is\/index.php\/wp-json\/wp\/v2\/product_tag?post=516"}],"curies":[{"name":"wp","href":"https:\/\/api.w.org\/{rel}","templated":true}]}}