{"id":524,"date":"2019-04-16T11:29:51","date_gmt":"2019-04-16T11:29:51","guid":{"rendered":"http:\/\/www.icecom.is\/?post_type=product&#038;p=524"},"modified":"2019-11-13T15:17:00","modified_gmt":"2019-11-13T15:17:00","slug":"bbp35-bbp37","status":"publish","type":"product","link":"https:\/\/www.icecom.is\/index.php\/product\/bbp35-bbp37\/","title":{"rendered":"BBP35"},"content":{"rendered":"","protected":false},"excerpt":{"rendered":"<p>BBP35 prentarinn er fj\u00f6llita skilta og merkja prentari.<br \/>\nSkj\u00e1rinn er \u00ed fullum lit og er snertiskj\u00e1r<br \/>\nPrentar efni allt upp a\u00f0 110.00 mm breidd<\/p>\n","protected":false},"featured_media":525,"template":"","meta":{"_acf_changed":false},"product_cat":[64],"product_tag":[112,104,102,99,103,106],"class_list":{"0":"post-524","1":"product","2":"type-product","3":"status-publish","4":"has-post-thumbnail","6":"product_cat-brady-skiltaprentarar","7":"product_tag-brady","8":"product_tag-merkingar","9":"product_tag-oryggisvorur","10":"product_tag-prentarar","11":"product_tag-prentun","12":"product_tag-rafidnadur","14":"first","15":"instock","16":"taxable","17":"shipping-taxable","18":"product-type-simple"},"acf":[],"_links":{"self":[{"href":"https:\/\/www.icecom.is\/index.php\/wp-json\/wp\/v2\/product\/524","targetHints":{"allow":["GET"]}}],"collection":[{"href":"https:\/\/www.icecom.is\/index.php\/wp-json\/wp\/v2\/product"}],"about":[{"href":"https:\/\/www.icecom.is\/index.php\/wp-json\/wp\/v2\/types\/product"}],"wp:featuredmedia":[{"embeddable":true,"href":"https:\/\/www.icecom.is\/index.php\/wp-json\/wp\/v2\/media\/525"}],"wp:attachment":[{"href":"https:\/\/www.icecom.is\/index.php\/wp-json\/wp\/v2\/media?parent=524"}],"wp:term":[{"taxonomy":"product_cat","embeddable":true,"href":"https:\/\/www.icecom.is\/index.php\/wp-json\/wp\/v2\/product_cat?post=524"},{"taxonomy":"product_tag","embeddable":true,"href":"https:\/\/www.icecom.is\/index.php\/wp-json\/wp\/v2\/product_tag?post=524"}],"curies":[{"name":"wp","href":"https:\/\/api.w.org\/{rel}","templated":true}]}}