{"id":527,"date":"2019-04-16T11:53:32","date_gmt":"2019-04-16T11:53:32","guid":{"rendered":"http:\/\/www.icecom.is\/?post_type=product&#038;p=527"},"modified":"2019-11-13T15:17:00","modified_gmt":"2019-11-13T15:17:00","slug":"bbp85","status":"publish","type":"product","link":"https:\/\/www.icecom.is\/index.php\/product\/bbp85\/","title":{"rendered":"BBP85"},"content":{"rendered":"","protected":false},"excerpt":{"rendered":"<p>BBP85 skilta og merkjaprentarinn gerir \u00fe\u00e9r kleyft \u00e1 \u00fev\u00ed a\u00f0 hanna og b\u00faa til merki og skilti<br \/>\nallt upp a\u00f0 254,0 mm \u00ed m\u00f6rgum litum.<br \/>\nMe\u00f0 b\u00e6ttri vi\u00f0m\u00f3t prentarans er au\u00f0velt fyrir alla a\u00f0 nota hann.<\/p>\n","protected":false},"featured_media":530,"template":"","meta":{"_acf_changed":false},"product_cat":[64],"product_tag":[112,104,102,99,103,106],"class_list":{"0":"post-527","1":"product","2":"type-product","3":"status-publish","4":"has-post-thumbnail","6":"product_cat-brady-skiltaprentarar","7":"product_tag-brady","8":"product_tag-merkingar","9":"product_tag-oryggisvorur","10":"product_tag-prentarar","11":"product_tag-prentun","12":"product_tag-rafidnadur","14":"first","15":"instock","16":"taxable","17":"shipping-taxable","18":"product-type-simple"},"acf":[],"_links":{"self":[{"href":"https:\/\/www.icecom.is\/index.php\/wp-json\/wp\/v2\/product\/527","targetHints":{"allow":["GET"]}}],"collection":[{"href":"https:\/\/www.icecom.is\/index.php\/wp-json\/wp\/v2\/product"}],"about":[{"href":"https:\/\/www.icecom.is\/index.php\/wp-json\/wp\/v2\/types\/product"}],"wp:featuredmedia":[{"embeddable":true,"href":"https:\/\/www.icecom.is\/index.php\/wp-json\/wp\/v2\/media\/530"}],"wp:attachment":[{"href":"https:\/\/www.icecom.is\/index.php\/wp-json\/wp\/v2\/media?parent=527"}],"wp:term":[{"taxonomy":"product_cat","embeddable":true,"href":"https:\/\/www.icecom.is\/index.php\/wp-json\/wp\/v2\/product_cat?post=527"},{"taxonomy":"product_tag","embeddable":true,"href":"https:\/\/www.icecom.is\/index.php\/wp-json\/wp\/v2\/product_tag?post=527"}],"curies":[{"name":"wp","href":"https:\/\/api.w.org\/{rel}","templated":true}]}}