{"id":615,"date":"2019-04-23T09:23:23","date_gmt":"2019-04-23T09:23:23","guid":{"rendered":"http:\/\/www.icecom.is\/?post_type=product&#038;p=615"},"modified":"2019-11-13T15:04:03","modified_gmt":"2019-11-13T15:04:03","slug":"eos2-mobile","status":"publish","type":"product","link":"https:\/\/www.icecom.is\/index.php\/product\/eos2-mobile\/","title":{"rendered":"Eos2 mobile"},"content":{"rendered":"","protected":false},"excerpt":{"rendered":"<h2>Rafhl\u00f6\u00f0ukn\u00fainn<\/h2>\n<p>Eos2 mobile prentarinn er ger\u00f0ur til a\u00f0 vera \u00e1 flakki, hvort sem \u00fea\u00f0 er \u00ed framlei\u00f0slu, \u00fat \u00e1 m\u00f6rkinni hvert sem er a\u00f0 merkingar vantar og rafmagn skortir \u00fe\u00e1 er \u00feessi gr\u00e6ja tilvalinn \u00ed verki\u00f0 \u00fear sem a\u00f0 h\u00fan gengur fyrir 24VDC. Hle\u00f0sla \u00e1 rafhl\u00f6\u00f0u endist allt a\u00f0 6 daga.<br \/>\nPrent upplausnin er allt a\u00f0 300 dpi og tekur bor\u00f0a allt a\u00f0 105.7 mm \u00e1 breidd<br \/>\nPrenthra\u00f0inn er 150 mm\/s<\/p>\n","protected":false},"featured_media":616,"template":"","meta":{"_acf_changed":false},"product_cat":[49],"product_tag":[104,102,99,103,106],"class_list":{"0":"post-615","1":"product","2":"type-product","3":"status-publish","4":"has-post-thumbnail","6":"product_cat-cab","7":"product_tag-merkingar","8":"product_tag-oryggisvorur","9":"product_tag-prentarar","10":"product_tag-prentun","11":"product_tag-rafidnadur","13":"first","14":"instock","15":"taxable","16":"shipping-taxable","17":"product-type-simple"},"acf":[],"_links":{"self":[{"href":"https:\/\/www.icecom.is\/index.php\/wp-json\/wp\/v2\/product\/615","targetHints":{"allow":["GET"]}}],"collection":[{"href":"https:\/\/www.icecom.is\/index.php\/wp-json\/wp\/v2\/product"}],"about":[{"href":"https:\/\/www.icecom.is\/index.php\/wp-json\/wp\/v2\/types\/product"}],"wp:featuredmedia":[{"embeddable":true,"href":"https:\/\/www.icecom.is\/index.php\/wp-json\/wp\/v2\/media\/616"}],"wp:attachment":[{"href":"https:\/\/www.icecom.is\/index.php\/wp-json\/wp\/v2\/media?parent=615"}],"wp:term":[{"taxonomy":"product_cat","embeddable":true,"href":"https:\/\/www.icecom.is\/index.php\/wp-json\/wp\/v2\/product_cat?post=615"},{"taxonomy":"product_tag","embeddable":true,"href":"https:\/\/www.icecom.is\/index.php\/wp-json\/wp\/v2\/product_tag?post=615"}],"curies":[{"name":"wp","href":"https:\/\/api.w.org\/{rel}","templated":true}]}}