{"id":621,"date":"2019-04-23T11:30:34","date_gmt":"2019-04-23T11:30:34","guid":{"rendered":"http:\/\/www.icecom.is\/?post_type=product&#038;p=621"},"modified":"2022-06-21T09:44:46","modified_gmt":"2022-06-21T09:44:46","slug":"rio-pro-360","status":"publish","type":"product","link":"https:\/\/www.icecom.is\/index.php\/product\/rio-pro-360\/","title":{"rendered":"Rio Pro 360"},"content":{"rendered":"\n","protected":false},"excerpt":{"rendered":"<h1>Rio Pro 360<\/h1>\n<p>Heimsklassa kortaprentara sem skilar miklum prenthra\u00f0a, meira magni og auknum prentg\u00e6\u00f0um.<\/p>\n","protected":false},"featured_media":625,"template":"","meta":{"_acf_changed":false},"product_cat":[48],"product_tag":[104,102,99,103,106],"class_list":{"0":"post-621","1":"product","2":"type-product","3":"status-publish","4":"has-post-thumbnail","6":"product_cat-magicard","7":"product_tag-merkingar","8":"product_tag-oryggisvorur","9":"product_tag-prentarar","10":"product_tag-prentun","11":"product_tag-rafidnadur","13":"first","14":"instock","15":"taxable","16":"shipping-taxable","17":"product-type-simple"},"acf":[],"_links":{"self":[{"href":"https:\/\/www.icecom.is\/index.php\/wp-json\/wp\/v2\/product\/621","targetHints":{"allow":["GET"]}}],"collection":[{"href":"https:\/\/www.icecom.is\/index.php\/wp-json\/wp\/v2\/product"}],"about":[{"href":"https:\/\/www.icecom.is\/index.php\/wp-json\/wp\/v2\/types\/product"}],"wp:featuredmedia":[{"embeddable":true,"href":"https:\/\/www.icecom.is\/index.php\/wp-json\/wp\/v2\/media\/625"}],"wp:attachment":[{"href":"https:\/\/www.icecom.is\/index.php\/wp-json\/wp\/v2\/media?parent=621"}],"wp:term":[{"taxonomy":"product_cat","embeddable":true,"href":"https:\/\/www.icecom.is\/index.php\/wp-json\/wp\/v2\/product_cat?post=621"},{"taxonomy":"product_tag","embeddable":true,"href":"https:\/\/www.icecom.is\/index.php\/wp-json\/wp\/v2\/product_tag?post=621"}],"curies":[{"name":"wp","href":"https:\/\/api.w.org\/{rel}","templated":true}]}}