{"id":622,"date":"2019-04-23T11:31:02","date_gmt":"2019-04-23T11:31:02","guid":{"rendered":"http:\/\/www.icecom.is\/?post_type=product&#038;p=622"},"modified":"2022-06-21T09:42:47","modified_gmt":"2022-06-21T09:42:47","slug":"enduro3e","status":"publish","type":"product","link":"https:\/\/www.icecom.is\/index.php\/product\/enduro3e\/","title":{"rendered":"Enduro3E"},"content":{"rendered":"\n","protected":false},"excerpt":{"rendered":"<h1>Enduro3E ID card printer<\/h1>\n<p>N\u00fdjasta \u00fatg\u00e1fa af hinni s\u00edvins\u00e6lu Enduro+ kortaprentara l\u00ednu, kemur n\u00fana me\u00f0 innbygg\u00f0um Ethernet m\u00f6guleika. \u00deegar a\u00f0 kemur a\u00f0 \u00f6ruggri au\u00f0kennis kortaprentun \u00fe\u00e1 er h\u00e6gt a\u00f0 treysta \u00e1 Enduro3E.<\/p>\n<p>&nbsp;<\/p>\n","protected":false},"featured_media":633,"template":"","meta":{"_acf_changed":false},"product_cat":[48],"product_tag":[104,102,99,103,106],"class_list":{"0":"post-622","1":"product","2":"type-product","3":"status-publish","4":"has-post-thumbnail","6":"product_cat-magicard","7":"product_tag-merkingar","8":"product_tag-oryggisvorur","9":"product_tag-prentarar","10":"product_tag-prentun","11":"product_tag-rafidnadur","13":"first","14":"instock","15":"taxable","16":"shipping-taxable","17":"product-type-simple"},"acf":[],"_links":{"self":[{"href":"https:\/\/www.icecom.is\/index.php\/wp-json\/wp\/v2\/product\/622","targetHints":{"allow":["GET"]}}],"collection":[{"href":"https:\/\/www.icecom.is\/index.php\/wp-json\/wp\/v2\/product"}],"about":[{"href":"https:\/\/www.icecom.is\/index.php\/wp-json\/wp\/v2\/types\/product"}],"wp:featuredmedia":[{"embeddable":true,"href":"https:\/\/www.icecom.is\/index.php\/wp-json\/wp\/v2\/media\/633"}],"wp:attachment":[{"href":"https:\/\/www.icecom.is\/index.php\/wp-json\/wp\/v2\/media?parent=622"}],"wp:term":[{"taxonomy":"product_cat","embeddable":true,"href":"https:\/\/www.icecom.is\/index.php\/wp-json\/wp\/v2\/product_cat?post=622"},{"taxonomy":"product_tag","embeddable":true,"href":"https:\/\/www.icecom.is\/index.php\/wp-json\/wp\/v2\/product_tag?post=622"}],"curies":[{"name":"wp","href":"https:\/\/api.w.org\/{rel}","templated":true}]}}