{"id":623,"date":"2019-04-23T11:31:21","date_gmt":"2019-04-23T11:31:21","guid":{"rendered":"http:\/\/www.icecom.is\/?post_type=product&#038;p=623"},"modified":"2022-06-21T09:40:57","modified_gmt":"2022-06-21T09:40:57","slug":"pronto","status":"publish","type":"product","link":"https:\/\/www.icecom.is\/index.php\/product\/pronto\/","title":{"rendered":"Pronto"},"content":{"rendered":"\n","protected":false},"excerpt":{"rendered":"<h1>Pronto ID card printer<\/h1>\n<p>Nettur, fj\u00f6lh\u00e6fur bor\u00f0 au\u00f0kennis kortaprentari fyrir minni magn \u00fatg\u00e1fu &#8211; tilvali\u00f0 fyrir f\u00e9lagasamt\u00f6k, stofnanir og fyrirt\u00e6ki.<br \/>\nAu\u00f0veldur \u00ed notkun \u00fear sem korti\u00f0 er hand mata\u00f0 eitt \u00ed einu.<\/p>\n<p>&nbsp;<\/p>\n","protected":false},"featured_media":635,"template":"","meta":{"_acf_changed":false},"product_cat":[48],"product_tag":[110,111,104,102,99,103,106],"class_list":{"0":"post-623","1":"product","2":"type-product","3":"status-publish","4":"has-post-thumbnail","6":"product_cat-magicard","7":"product_tag-adgangstyring","8":"product_tag-kortaprentarar","9":"product_tag-merkingar","10":"product_tag-oryggisvorur","11":"product_tag-prentarar","12":"product_tag-prentun","13":"product_tag-rafidnadur","15":"first","16":"instock","17":"taxable","18":"shipping-taxable","19":"product-type-simple"},"acf":[],"_links":{"self":[{"href":"https:\/\/www.icecom.is\/index.php\/wp-json\/wp\/v2\/product\/623","targetHints":{"allow":["GET"]}}],"collection":[{"href":"https:\/\/www.icecom.is\/index.php\/wp-json\/wp\/v2\/product"}],"about":[{"href":"https:\/\/www.icecom.is\/index.php\/wp-json\/wp\/v2\/types\/product"}],"wp:featuredmedia":[{"embeddable":true,"href":"https:\/\/www.icecom.is\/index.php\/wp-json\/wp\/v2\/media\/635"}],"wp:attachment":[{"href":"https:\/\/www.icecom.is\/index.php\/wp-json\/wp\/v2\/media?parent=623"}],"wp:term":[{"taxonomy":"product_cat","embeddable":true,"href":"https:\/\/www.icecom.is\/index.php\/wp-json\/wp\/v2\/product_cat?post=623"},{"taxonomy":"product_tag","embeddable":true,"href":"https:\/\/www.icecom.is\/index.php\/wp-json\/wp\/v2\/product_tag?post=623"}],"curies":[{"name":"wp","href":"https:\/\/api.w.org\/{rel}","templated":true}]}}