{"id":696,"date":"2019-04-26T11:41:33","date_gmt":"2019-04-26T11:41:33","guid":{"rendered":"http:\/\/www.icecom.is\/?post_type=product&#038;p=696"},"modified":"2020-12-16T09:57:26","modified_gmt":"2020-12-16T09:57:26","slug":"696","status":"publish","type":"product","link":"https:\/\/www.icecom.is\/index.php\/product\/696\/","title":{"rendered":"dLAN 550 duo+ Starter kit"},"content":{"rendered":"<p><iframe title=\"devolo Powerline Technology (english)\" width=\"1200\" height=\"675\" src=\"https:\/\/www.youtube.com\/embed\/8kVp3hgDi0w?feature=oembed\" frameborder=\"0\" allow=\"accelerometer; autoplay; clipboard-write; encrypted-media; gyroscope; picture-in-picture\" allowfullscreen><\/iframe><\/p>\n<p><strong>Connect the best: The innovative\u00a0<span class=\"tips\" data-tippy-html=\"#devoloOverlay29110\" data-tippy=\"\">Powerline<\/span>\u00a0technology now makes your home network even easier and more multimedia-based! You have fast Internet reception at any electrical socket with the dLAN\u00ae 550 duo+ Starter Kit. Directly connect network-compatible devices using two integrated Fast Ethernet LAN connections and enjoy high-speed Internet throughout the home.<\/strong><\/p>\n","protected":false},"excerpt":{"rendered":"<ul>\n<li>Devolo dLAN v\u00f6runar n\u00e1 tengingu \u00e1 sv\u00e6\u00f0um \u00fear sem tenging er h\u00e6g e\u00f0a ekki til sta\u00f0ar.<\/li>\n<li>\u00f3\u00fearfi a\u00f0 leggja sn\u00farur og lista.<\/li>\n<li>Fr\u00e1b\u00e6r lausn fyrir \u00fe\u00e1 sem vilja st\u00f6\u00f0uga og hra\u00f0a nettengingu.<\/li>\n<li>550 Mbps tenging<\/li>\n<\/ul>\n<ul>\n<li class=\"CxSpFirst text-justify\">Fast Internet connection at speeds up to 500 Mbps..<\/li>\n<li class=\"CxSpMiddle text-justify\">The integrated socket ensures that no electrical outlet in the room is lost.<\/li>\n<li class=\"text-justify\">Equipped with 2 Fast Ethernet LAN ports for connecting two network-compatible devices.<\/li>\n<\/ul>\n","protected":false},"featured_media":697,"template":"","meta":{"_acf_changed":false},"product_cat":[69],"product_tag":[95,82],"class_list":{"0":"post-696","1":"product","2":"type-product","3":"status-publish","4":"has-post-thumbnail","6":"product_cat-netyfirrafmagn","7":"product_tag-netbunadur","8":"product_tag-snjallheimili","10":"first","11":"instock","12":"taxable","13":"shipping-taxable","14":"product-type-simple"},"acf":[],"_links":{"self":[{"href":"https:\/\/www.icecom.is\/index.php\/wp-json\/wp\/v2\/product\/696","targetHints":{"allow":["GET"]}}],"collection":[{"href":"https:\/\/www.icecom.is\/index.php\/wp-json\/wp\/v2\/product"}],"about":[{"href":"https:\/\/www.icecom.is\/index.php\/wp-json\/wp\/v2\/types\/product"}],"wp:featuredmedia":[{"embeddable":true,"href":"https:\/\/www.icecom.is\/index.php\/wp-json\/wp\/v2\/media\/697"}],"wp:attachment":[{"href":"https:\/\/www.icecom.is\/index.php\/wp-json\/wp\/v2\/media?parent=696"}],"wp:term":[{"taxonomy":"product_cat","embeddable":true,"href":"https:\/\/www.icecom.is\/index.php\/wp-json\/wp\/v2\/product_cat?post=696"},{"taxonomy":"product_tag","embeddable":true,"href":"https:\/\/www.icecom.is\/index.php\/wp-json\/wp\/v2\/product_tag?post=696"}],"curies":[{"name":"wp","href":"https:\/\/api.w.org\/{rel}","templated":true}]}}