{"id":702,"date":"2019-04-26T12:48:33","date_gmt":"2019-04-26T12:48:33","guid":{"rendered":"http:\/\/www.icecom.is\/?post_type=product&#038;p=702"},"modified":"2022-03-11T16:22:12","modified_gmt":"2022-03-11T16:22:12","slug":"reykskynjari","status":"publish","type":"product","link":"https:\/\/www.icecom.is\/index.php\/product\/reykskynjari\/","title":{"rendered":"Devolo &#8211; Reykskynjari"},"content":{"rendered":"\n","protected":false},"excerpt":{"rendered":"<h2 role=\"heading\">Devolo Home Control \u00der\u00e1\u00f0laus reykskynjari<\/h2>\n<ul>\n<li>Nemur reyk strax<\/li>\n<li>Gefur fr\u00e1 s\u00e9r lj\u00f3s, hlj\u00f3\u00f0 og sendir SMS tilkynningu<\/li>\n<li>Virkar me\u00f0 \u00f6\u00f0rum skynjurum fr\u00e1 Devolo<\/li>\n<\/ul>\n<h2 role=\"heading\"><\/h2>\n<h2 class=\"h2\" role=\"heading\">devolo Home Control Smoke Detector &#8211; Wireless Fire Alarm<\/h2>\n<ul>\n<li>Detects smoke emissions early, without fail, to keep you safe.<\/li>\n<li>Four types of emergency notifications: an acoustic and visual warning signal, a text message, an e-mail or a notification to a free Apple iOS and Android app.<\/li>\n<li>Quick and versatile installation via adhesive film or screws (both in the scope of delivery).<\/li>\n<li>Works together with other devolo Home Control components to perform functions such as switching the light on if an alarm is triggered<\/li>\n<li>Individually expandable at any time with other devolo Home Control components<\/li>\n<li>Future-proof thanks to standardised Z-Wave\u00ae wireless technology<\/li>\n<li>Highest data security via certified systems in Germany<\/li>\n<li>EN14604 certified<\/li>\n<\/ul>\n","protected":false},"featured_media":704,"template":"","meta":{"_acf_changed":false},"product_cat":[44],"product_tag":[108,107,75,102,82,79],"class_list":{"0":"post-702","1":"product","2":"type-product","3":"status-publish","4":"has-post-thumbnail","6":"product_cat-devolo","7":"product_tag-fjarskiptabunadur","8":"product_tag-heimavorn","9":"product_tag-husstjornarkerfi","10":"product_tag-oryggisvorur","11":"product_tag-snjallheimili","12":"product_tag-sumarhus","14":"first","15":"instock","16":"taxable","17":"shipping-taxable","18":"product-type-simple"},"acf":[],"_links":{"self":[{"href":"https:\/\/www.icecom.is\/index.php\/wp-json\/wp\/v2\/product\/702","targetHints":{"allow":["GET"]}}],"collection":[{"href":"https:\/\/www.icecom.is\/index.php\/wp-json\/wp\/v2\/product"}],"about":[{"href":"https:\/\/www.icecom.is\/index.php\/wp-json\/wp\/v2\/types\/product"}],"wp:featuredmedia":[{"embeddable":true,"href":"https:\/\/www.icecom.is\/index.php\/wp-json\/wp\/v2\/media\/704"}],"wp:attachment":[{"href":"https:\/\/www.icecom.is\/index.php\/wp-json\/wp\/v2\/media?parent=702"}],"wp:term":[{"taxonomy":"product_cat","embeddable":true,"href":"https:\/\/www.icecom.is\/index.php\/wp-json\/wp\/v2\/product_cat?post=702"},{"taxonomy":"product_tag","embeddable":true,"href":"https:\/\/www.icecom.is\/index.php\/wp-json\/wp\/v2\/product_tag?post=702"}],"curies":[{"name":"wp","href":"https:\/\/api.w.org\/{rel}","templated":true}]}}