{"id":710,"date":"2019-04-26T13:03:03","date_gmt":"2019-04-26T13:03:03","guid":{"rendered":"http:\/\/www.icecom.is\/?post_type=product&#038;p=710"},"modified":"2022-03-11T16:26:25","modified_gmt":"2022-03-11T16:26:25","slug":"radiator-thermostat","status":"publish","type":"product","link":"https:\/\/www.icecom.is\/index.php\/product\/radiator-thermostat\/","title":{"rendered":"Devolo &#8211; Ofnast\u00fdring"},"content":{"rendered":"\n","protected":false},"excerpt":{"rendered":"<h2 role=\"heading\">Devolo hitast\u00fdring<\/h2>\n<ul>\n<li>Hitast\u00fdring er tengd vi\u00f0 ofn og getur stj\u00f3rna\u00f0 hita eftir t\u00edma stillingu.<\/li>\n<li>H\u00e6gt a\u00f0 breyta hita \u00edrafr\u00e6nt og \u00e1 ofninum<\/li>\n<li>St\u00fdrir hita og passar a\u00f0 ekki s\u00e9 og heitt e\u00f0a kalt<\/li>\n<\/ul>\n<h2 role=\"heading\"><\/h2>\n<h2 class=\"h2\" role=\"heading\">devolo Home Control Wireless Radiator Thermostat<\/h2>\n<ul>\n<li>Controls the room temperature via time control depending on your individual daily routine and gives you flexibility for programming each day of the week.<\/li>\n<li>Holiday mode for maximum energy savings<\/li>\n<li>Fits all current radiators. Simply replace conventional radiator thermostats.<\/li>\n<li>Ready to use in no time: can be installed easily, without special tools or expertise.<\/li>\n<li>Manual temperature control at the thermostat, and intuitive operation via free Apple iOS and Android app for smartphones and tablets or the computer<\/li>\n<li>Illuminated display to show temperature<\/li>\n<li>Connected via Z-Wave\u00ae wireless technology to additional devolo Home Control components.<\/li>\n<li>Individually expandable at any time with other devolo Home Control components<\/li>\n<li>Future-proof thanks to standardised Z-Wave\u00ae wireless technology<\/li>\n<li>Highest data security via certified systems in Germany<\/li>\n<li>No monthly follow-up costs after purchase<\/li>\n<\/ul>\n","protected":false},"featured_media":712,"template":"","meta":{"_acf_changed":false},"product_cat":[44],"product_tag":[108,107,75,102,82,79],"class_list":{"0":"post-710","1":"product","2":"type-product","3":"status-publish","4":"has-post-thumbnail","6":"product_cat-devolo","7":"product_tag-fjarskiptabunadur","8":"product_tag-heimavorn","9":"product_tag-husstjornarkerfi","10":"product_tag-oryggisvorur","11":"product_tag-snjallheimili","12":"product_tag-sumarhus","14":"first","15":"instock","16":"taxable","17":"shipping-taxable","18":"product-type-simple"},"acf":[],"_links":{"self":[{"href":"https:\/\/www.icecom.is\/index.php\/wp-json\/wp\/v2\/product\/710","targetHints":{"allow":["GET"]}}],"collection":[{"href":"https:\/\/www.icecom.is\/index.php\/wp-json\/wp\/v2\/product"}],"about":[{"href":"https:\/\/www.icecom.is\/index.php\/wp-json\/wp\/v2\/types\/product"}],"wp:featuredmedia":[{"embeddable":true,"href":"https:\/\/www.icecom.is\/index.php\/wp-json\/wp\/v2\/media\/712"}],"wp:attachment":[{"href":"https:\/\/www.icecom.is\/index.php\/wp-json\/wp\/v2\/media?parent=710"}],"wp:term":[{"taxonomy":"product_cat","embeddable":true,"href":"https:\/\/www.icecom.is\/index.php\/wp-json\/wp\/v2\/product_cat?post=710"},{"taxonomy":"product_tag","embeddable":true,"href":"https:\/\/www.icecom.is\/index.php\/wp-json\/wp\/v2\/product_tag?post=710"}],"curies":[{"name":"wp","href":"https:\/\/api.w.org\/{rel}","templated":true}]}}