{"id":713,"date":"2019-04-26T13:05:37","date_gmt":"2019-04-26T13:05:37","guid":{"rendered":"http:\/\/www.icecom.is\/?post_type=product&#038;p=713"},"modified":"2022-03-11T16:24:38","modified_gmt":"2022-03-11T16:24:38","slug":"door-window-sensor","status":"publish","type":"product","link":"https:\/\/www.icecom.is\/index.php\/product\/door-window-sensor\/","title":{"rendered":"Hur\u00f0a og glugga skynjari"},"content":{"rendered":"\n","protected":false},"excerpt":{"rendered":"<h2 role=\"heading\">Skynjar hvort gluggar e\u00f0a hur\u00f0ir s\u00e9u opnar og l\u00e6tur \u00feig vita ef a\u00f0 \u00fe\u00e6r eru opna\u00f0ar.<\/h2>\n<ul>\n<li role=\"heading\">Einfalt \u00ed uppsettningu<\/li>\n<li role=\"heading\">L\u00e6tur vita ef gluggar e\u00f0a hur\u00f0ar eru opna\u00f0ar<\/li>\n<li role=\"heading\">Tengist vi\u00f0 home control st\u00f6\u00f0ina<\/li>\n<li role=\"heading\">n\u00fdtir Z-wave t\u00e6kni<\/li>\n<\/ul>\n<h2 class=\"h2\" role=\"heading\">devolo Home Control Door Sensor\/Window Contact<\/h2>\n<ul>\n<li>Detects open doors, windows or drawers without fail and automatically sends text or e-mail notifications.<\/li>\n<li>Quick and versatile installation via adhesive film or screws (both in the scope of delivery).<\/li>\n<li>Continuous brightness and temperature measurement, e.g. as feedback to the light and radiator control<\/li>\n<li>Intuitive operation via a free Apple iOS and Android app for smartphones, tablets or the computer<\/li>\n<li>Unobtrusive design for inconspicuous placement<\/li>\n<li>Individually expandable at any time with other devolo Home Control components<\/li>\n<li>Future-proof thanks to standardised Z-Wave\u00ae wireless technology<\/li>\n<li>Highest data security via certified systems in Germany<\/li>\n<li>No monthly follow-up costs after purchase<\/li>\n<\/ul>\n","protected":false},"featured_media":714,"template":"","meta":{"_acf_changed":false},"product_cat":[44],"product_tag":[108,107,75,102,82,79],"class_list":{"0":"post-713","1":"product","2":"type-product","3":"status-publish","4":"has-post-thumbnail","6":"product_cat-devolo","7":"product_tag-fjarskiptabunadur","8":"product_tag-heimavorn","9":"product_tag-husstjornarkerfi","10":"product_tag-oryggisvorur","11":"product_tag-snjallheimili","12":"product_tag-sumarhus","14":"first","15":"instock","16":"taxable","17":"shipping-taxable","18":"product-type-simple"},"acf":[],"_links":{"self":[{"href":"https:\/\/www.icecom.is\/index.php\/wp-json\/wp\/v2\/product\/713","targetHints":{"allow":["GET"]}}],"collection":[{"href":"https:\/\/www.icecom.is\/index.php\/wp-json\/wp\/v2\/product"}],"about":[{"href":"https:\/\/www.icecom.is\/index.php\/wp-json\/wp\/v2\/types\/product"}],"wp:featuredmedia":[{"embeddable":true,"href":"https:\/\/www.icecom.is\/index.php\/wp-json\/wp\/v2\/media\/714"}],"wp:attachment":[{"href":"https:\/\/www.icecom.is\/index.php\/wp-json\/wp\/v2\/media?parent=713"}],"wp:term":[{"taxonomy":"product_cat","embeddable":true,"href":"https:\/\/www.icecom.is\/index.php\/wp-json\/wp\/v2\/product_cat?post=713"},{"taxonomy":"product_tag","embeddable":true,"href":"https:\/\/www.icecom.is\/index.php\/wp-json\/wp\/v2\/product_tag?post=713"}],"curies":[{"name":"wp","href":"https:\/\/api.w.org\/{rel}","templated":true}]}}