{"id":717,"date":"2019-04-26T13:11:00","date_gmt":"2019-04-26T13:11:00","guid":{"rendered":"http:\/\/www.icecom.is\/?post_type=product&#038;p=717"},"modified":"2022-03-08T15:30:52","modified_gmt":"2022-03-08T15:30:52","slug":"water-sensor","status":"publish","type":"product","link":"https:\/\/www.icecom.is\/index.php\/product\/water-sensor\/","title":{"rendered":"Devolo &#8211; Vatns skynjari"},"content":{"rendered":"","protected":false},"excerpt":{"rendered":"<h2 role=\"heading\">Devolo Vatns Skynjari<\/h2>\n<ul>\n<li>Skynjar leka og l\u00e6tur vita ef hann skynjar vatn<\/li>\n<li>Hj\u00e1lpar \u00fe\u00e9r a\u00f0 koma \u00ed veg fyrir vatns tj\u00f3n<\/li>\n<li>G\u00f3\u00f0 rafhl\u00f6\u00f0u ending<\/li>\n<\/ul>\n<h2 role=\"heading\"><\/h2>\n<h2 class=\"h2\" role=\"heading\">Devolo Water Sensor &#8211; Detect Water Damage Early<\/h2>\n<ul>\n<li>Early detection of impending water damage.<\/li>\n<li>Low energy consumption, long range.<\/li>\n<li>Allows flexible and unobtrusive positioning.<\/li>\n<li>Intuitive operation using an app.<\/li>\n<li>Individually expandable at any time with other devolo Home Control components<\/li>\n<li>Future-proof thanks to standardised Z-Wave\u00ae wireless technology<\/li>\n<li>Highest data security via certified systems in Germany<\/li>\n<li>No monthly follow-up costs after purchase<\/li>\n<li>Full 3-year manufacturer&#8217;s warranty<\/li>\n<\/ul>\n","protected":false},"featured_media":719,"template":"","meta":{"_acf_changed":false},"product_cat":[44],"product_tag":[108,107,75,102,82,79],"class_list":{"0":"post-717","1":"product","2":"type-product","3":"status-publish","4":"has-post-thumbnail","6":"product_cat-devolo","7":"product_tag-fjarskiptabunadur","8":"product_tag-heimavorn","9":"product_tag-husstjornarkerfi","10":"product_tag-oryggisvorur","11":"product_tag-snjallheimili","12":"product_tag-sumarhus","14":"first","15":"instock","16":"taxable","17":"shipping-taxable","18":"product-type-simple"},"acf":[],"_links":{"self":[{"href":"https:\/\/www.icecom.is\/index.php\/wp-json\/wp\/v2\/product\/717","targetHints":{"allow":["GET"]}}],"collection":[{"href":"https:\/\/www.icecom.is\/index.php\/wp-json\/wp\/v2\/product"}],"about":[{"href":"https:\/\/www.icecom.is\/index.php\/wp-json\/wp\/v2\/types\/product"}],"wp:featuredmedia":[{"embeddable":true,"href":"https:\/\/www.icecom.is\/index.php\/wp-json\/wp\/v2\/media\/719"}],"wp:attachment":[{"href":"https:\/\/www.icecom.is\/index.php\/wp-json\/wp\/v2\/media?parent=717"}],"wp:term":[{"taxonomy":"product_cat","embeddable":true,"href":"https:\/\/www.icecom.is\/index.php\/wp-json\/wp\/v2\/product_cat?post=717"},{"taxonomy":"product_tag","embeddable":true,"href":"https:\/\/www.icecom.is\/index.php\/wp-json\/wp\/v2\/product_tag?post=717"}],"curies":[{"name":"wp","href":"https:\/\/api.w.org\/{rel}","templated":true}]}}