{"id":720,"date":"2019-04-26T13:21:41","date_gmt":"2019-04-26T13:21:41","guid":{"rendered":"http:\/\/www.icecom.is\/?post_type=product&#038;p=720"},"modified":"2022-03-08T15:24:57","modified_gmt":"2022-03-08T15:24:57","slug":"smart-home-controller","status":"publish","type":"product","link":"https:\/\/www.icecom.is\/index.php\/product\/smart-home-controller\/","title":{"rendered":"Devolo &#8211; Snjall Fjarst\u00fdring"},"content":{"rendered":"","protected":false},"excerpt":{"rendered":"<h2 role=\"heading\">Devolo Snjall Fjarst\u00fdring<\/h2>\n<ul>\n<li>Fj\u00f3rir takkar sem er geta stj\u00f3rna\u00f0 \u00f6llum Devolo v\u00f6rum<\/li>\n<li>H\u00e6gt a\u00f0 tengja margar Devolo v\u00f6rur vi\u00f0 hvern takka<\/li>\n<li>G\u00f3\u00f0 batter\u00fd ending<\/li>\n<\/ul>\n<h2 role=\"heading\"><\/h2>\n<h2 class=\"h2\" role=\"heading\">devolo Home Control Key Fob &#8211; Smart Home Controller<\/h2>\n<ul>\n<li>Four programmable buttons for operating selected devolo Home Control components and scenarios, e.g. switching all lighting on\/off or switching the heat on\/off.<\/li>\n<li>Easily control individual Home Control components, groups or scenarios at the touch of a button.<\/li>\n<li>As compact and lightweight as a small car key<\/li>\n<li>Control your smart home from a distance of up to 100 metres.<\/li>\n<li>Protection against unintentionally pressing buttons<\/li>\n<li>Child-safety features can be activated<\/li>\n<li>Easily programmable via the free Apple iOS or Android app or on the computer.<\/li>\n<li>Individually expandable at any time with other devolo Home Control components<\/li>\n<li>Future-proof thanks to standardised Z-Wave\u00ae wireless technology<\/li>\n<li>Highest data security via certified systems in Germany<\/li>\n<li>No monthly follow-up costs after purchase<\/li>\n<\/ul>\n","protected":false},"featured_media":722,"template":"","meta":{"_acf_changed":false},"product_cat":[44],"product_tag":[75,82,79],"class_list":{"0":"post-720","1":"product","2":"type-product","3":"status-publish","4":"has-post-thumbnail","6":"product_cat-devolo","7":"product_tag-husstjornarkerfi","8":"product_tag-snjallheimili","9":"product_tag-sumarhus","11":"first","12":"instock","13":"taxable","14":"shipping-taxable","15":"product-type-simple"},"acf":[],"_links":{"self":[{"href":"https:\/\/www.icecom.is\/index.php\/wp-json\/wp\/v2\/product\/720","targetHints":{"allow":["GET"]}}],"collection":[{"href":"https:\/\/www.icecom.is\/index.php\/wp-json\/wp\/v2\/product"}],"about":[{"href":"https:\/\/www.icecom.is\/index.php\/wp-json\/wp\/v2\/types\/product"}],"wp:featuredmedia":[{"embeddable":true,"href":"https:\/\/www.icecom.is\/index.php\/wp-json\/wp\/v2\/media\/722"}],"wp:attachment":[{"href":"https:\/\/www.icecom.is\/index.php\/wp-json\/wp\/v2\/media?parent=720"}],"wp:term":[{"taxonomy":"product_cat","embeddable":true,"href":"https:\/\/www.icecom.is\/index.php\/wp-json\/wp\/v2\/product_cat?post=720"},{"taxonomy":"product_tag","embeddable":true,"href":"https:\/\/www.icecom.is\/index.php\/wp-json\/wp\/v2\/product_tag?post=720"}],"curies":[{"name":"wp","href":"https:\/\/api.w.org\/{rel}","templated":true}]}}