{"id":723,"date":"2019-04-26T13:26:09","date_gmt":"2019-04-26T13:26:09","guid":{"rendered":"http:\/\/www.icecom.is\/?post_type=product&#038;p=723"},"modified":"2022-03-08T15:21:24","modified_gmt":"2022-03-08T15:21:24","slug":"wall-switch","status":"publish","type":"product","link":"https:\/\/www.icecom.is\/index.php\/product\/wall-switch\/","title":{"rendered":"Devolo &#8211; WIFI Rofi"},"content":{"rendered":"","protected":false},"excerpt":{"rendered":"<h2 role=\"heading\">Devolo WIFI rofi<\/h2>\n<ul>\n<li>Fj\u00f3rir takkar sem h\u00e6gt er a\u00f0 stilla<\/li>\n<li>H\u00e6gt a\u00f0 sl\u00f6kkva og kveikja \u00e1 lj\u00f3sum<\/li>\n<li>B\u00fd\u00f0ur upp \u00e1 a\u00f0 forstilla hita<\/li>\n<li>Einfallt \u00ed uppsettningu<\/li>\n<\/ul>\n<h2 class=\"h2\" role=\"heading\">devolo Home Control Wall WiFi Switch<\/h2>\n<ul>\n<li>Up to four programmable buttons for operating selected devolo Home Control components and scenarios, e.g. switching all lighting on\/off or switching the heat on\/off.<\/li>\n<li>Easily control individual Home Control components, groups or scenarios at the touch of a button.<\/li>\n<li>Quick and versatile installation via adhesive film or screws (both in the scope of delivery).<\/li>\n<li>Easy installation (2 or 4 freely programmable buttons) with two different rocker switches.<\/li>\n<li>Easily programmable via the free Apple iOS or Android app or on the computer.<\/li>\n<li>ndividually expandable at any time with other devolo Home Control components<\/li>\n<li>Future-proof thanks to standardised Z-Wave\u00ae wireless technology<\/li>\n<li>Highest data security via certified systems in Germany<\/li>\n<\/ul>\n","protected":false},"featured_media":724,"template":"","meta":{"_acf_changed":false},"product_cat":[44],"product_tag":[75,82,79],"class_list":{"0":"post-723","1":"product","2":"type-product","3":"status-publish","4":"has-post-thumbnail","6":"product_cat-devolo","7":"product_tag-husstjornarkerfi","8":"product_tag-snjallheimili","9":"product_tag-sumarhus","11":"first","12":"instock","13":"taxable","14":"shipping-taxable","15":"product-type-simple"},"acf":[],"_links":{"self":[{"href":"https:\/\/www.icecom.is\/index.php\/wp-json\/wp\/v2\/product\/723","targetHints":{"allow":["GET"]}}],"collection":[{"href":"https:\/\/www.icecom.is\/index.php\/wp-json\/wp\/v2\/product"}],"about":[{"href":"https:\/\/www.icecom.is\/index.php\/wp-json\/wp\/v2\/types\/product"}],"wp:featuredmedia":[{"embeddable":true,"href":"https:\/\/www.icecom.is\/index.php\/wp-json\/wp\/v2\/media\/724"}],"wp:attachment":[{"href":"https:\/\/www.icecom.is\/index.php\/wp-json\/wp\/v2\/media?parent=723"}],"wp:term":[{"taxonomy":"product_cat","embeddable":true,"href":"https:\/\/www.icecom.is\/index.php\/wp-json\/wp\/v2\/product_cat?post=723"},{"taxonomy":"product_tag","embeddable":true,"href":"https:\/\/www.icecom.is\/index.php\/wp-json\/wp\/v2\/product_tag?post=723"}],"curies":[{"name":"wp","href":"https:\/\/api.w.org\/{rel}","templated":true}]}}