{"id":726,"date":"2019-04-26T13:35:24","date_gmt":"2019-04-26T13:35:24","guid":{"rendered":"http:\/\/www.icecom.is\/?post_type=product&#038;p=726"},"modified":"2022-03-08T15:14:54","modified_gmt":"2022-03-08T15:14:54","slug":"room-thermostat","status":"publish","type":"product","link":"https:\/\/www.icecom.is\/index.php\/product\/room-thermostat\/","title":{"rendered":"Devolo &#8211; Hitast\u00fdring"},"content":{"rendered":"","protected":false},"excerpt":{"rendered":"<h2 role=\"heading\">Devolo Home Control \u00der\u00e1\u00f0laus Hitast\u00fdring<\/h2>\n<ul>\n<li>Einf\u00f6ld mi\u00f0st\u00f6\u00f0 til a\u00f0 stilla hita fyrir herbergi<\/li>\n<li>Stj\u00f3rnar ofnalokum og samstillir hita \u00ed h\u00fasinu<\/li>\n<li>St\u00fdrt rafr\u00e6nnt \u00ed s\u00edma e\u00f0a t\u00f6lvu<\/li>\n<\/ul>\n<h2 role=\"heading\"><\/h2>\n<h2 class=\"h2\" role=\"heading\">devolo Home Control Wireless Room Thermostat<\/h2>\n<ul>\n<li>Easy, centralised control of the room temperature (when combined with the devolo Home Control Radiator Thermostats)<\/li>\n<li>Comfortable temperatures exactly where you spend time, not just at the radiator.<\/li>\n<li>Manual temperature control at the touch of a button, right at the Room Thermostat, as well as intuitive operation of the free Apple iOS and Android app for smartphones, tablets and computers.<\/li>\n<li>Illuminated display to show temperature.<\/li>\n<li>Quick and versatile installation via adhesive film or screws (both in the scope of delivery).<\/li>\n<li>Ready to use in no time: can be installed easily and safely, without special tools or expertise.<\/li>\n<li>Individually expandable at any time with other devolo Home Control components.<\/li>\n<li>Future-proof thanks to standardised Z-Wave\u00ae wireless technology.<\/li>\n<li>Highest data security via certified systems in Germany.<\/li>\n<\/ul>\n","protected":false},"featured_media":729,"template":"","meta":{"_acf_changed":false},"product_cat":[44],"product_tag":[108,107,75,102,82,79],"class_list":{"0":"post-726","1":"product","2":"type-product","3":"status-publish","4":"has-post-thumbnail","6":"product_cat-devolo","7":"product_tag-fjarskiptabunadur","8":"product_tag-heimavorn","9":"product_tag-husstjornarkerfi","10":"product_tag-oryggisvorur","11":"product_tag-snjallheimili","12":"product_tag-sumarhus","14":"first","15":"instock","16":"taxable","17":"shipping-taxable","18":"product-type-simple"},"acf":[],"_links":{"self":[{"href":"https:\/\/www.icecom.is\/index.php\/wp-json\/wp\/v2\/product\/726","targetHints":{"allow":["GET"]}}],"collection":[{"href":"https:\/\/www.icecom.is\/index.php\/wp-json\/wp\/v2\/product"}],"about":[{"href":"https:\/\/www.icecom.is\/index.php\/wp-json\/wp\/v2\/types\/product"}],"wp:featuredmedia":[{"embeddable":true,"href":"https:\/\/www.icecom.is\/index.php\/wp-json\/wp\/v2\/media\/729"}],"wp:attachment":[{"href":"https:\/\/www.icecom.is\/index.php\/wp-json\/wp\/v2\/media?parent=726"}],"wp:term":[{"taxonomy":"product_cat","embeddable":true,"href":"https:\/\/www.icecom.is\/index.php\/wp-json\/wp\/v2\/product_cat?post=726"},{"taxonomy":"product_tag","embeddable":true,"href":"https:\/\/www.icecom.is\/index.php\/wp-json\/wp\/v2\/product_tag?post=726"}],"curies":[{"name":"wp","href":"https:\/\/api.w.org\/{rel}","templated":true}]}}