{"id":730,"date":"2019-04-26T13:51:59","date_gmt":"2019-04-26T13:51:59","guid":{"rendered":"http:\/\/www.icecom.is\/?post_type=product&#038;p=730"},"modified":"2020-12-16T10:00:44","modified_gmt":"2020-12-16T10:00:44","slug":"smart-plug","status":"publish","type":"product","link":"https:\/\/www.icecom.is\/index.php\/product\/smart-plug\/","title":{"rendered":"Devolo &#8211; Snjall tengill"},"content":{"rendered":"","protected":false},"excerpt":{"rendered":"<h2 role=\"heading\">Devolo Snjall\u00a0 Tengill<\/h2>\n<ul>\n<li>Gerir \u00fe\u00e9r kleift a\u00f0 sl\u00f6kkva og kveikja \u00e1 raft\u00e6kjum \u00ed s\u00edmanum<\/li>\n<li>T\u00edmastillanlegur, sem d\u00e6mi kveikt \u00e1 kaffi v\u00e9l Klukann 07:00<\/li>\n<li>Sparar rafmagnsnotkun<\/li>\n<li>m\u00e6lir raforku ey\u00f0slu<\/li>\n<\/ul>\n<h2 role=\"heading\"><\/h2>\n<h2 class=\"h2\" role=\"heading\">devolo Home Control Smart Metering Plug &#8211; WiFi Smart Plug<\/h2>\n<ul>\n<li>Time-controlled or manual enabling\/disabling of connected devices, such as lamps, coffee machines, radios and more<\/li>\n<li>Ready to use in no time: simply plug it in between the power outlet and desired device.<\/li>\n<li>Finally an end to unnecessary, high standby consumption of your devices<\/li>\n<li>Measures and stores the power consumption unobtrusively in the background<\/li>\n<li>Intuitive operation via a free Apple iOS and Android app for smartphones, tablets or the computer<\/li>\n<li>Individually expandable at any time with other devolo Home Control components<\/li>\n<li>Future-proof thanks to standardised Z-Wave\u00ae wireless technology<\/li>\n<li>Highest data security via certified systems in Germany<\/li>\n<li>No monthly follow-up costs after purchase<\/li>\n<\/ul>\n","protected":false},"featured_media":731,"template":"","meta":{"_acf_changed":false},"product_cat":[44],"product_tag":[75,82,79],"class_list":{"0":"post-730","1":"product","2":"type-product","3":"status-publish","4":"has-post-thumbnail","6":"product_cat-devolo","7":"product_tag-husstjornarkerfi","8":"product_tag-snjallheimili","9":"product_tag-sumarhus","11":"first","12":"instock","13":"taxable","14":"shipping-taxable","15":"product-type-simple"},"acf":[],"_links":{"self":[{"href":"https:\/\/www.icecom.is\/index.php\/wp-json\/wp\/v2\/product\/730","targetHints":{"allow":["GET"]}}],"collection":[{"href":"https:\/\/www.icecom.is\/index.php\/wp-json\/wp\/v2\/product"}],"about":[{"href":"https:\/\/www.icecom.is\/index.php\/wp-json\/wp\/v2\/types\/product"}],"wp:featuredmedia":[{"embeddable":true,"href":"https:\/\/www.icecom.is\/index.php\/wp-json\/wp\/v2\/media\/731"}],"wp:attachment":[{"href":"https:\/\/www.icecom.is\/index.php\/wp-json\/wp\/v2\/media?parent=730"}],"wp:term":[{"taxonomy":"product_cat","embeddable":true,"href":"https:\/\/www.icecom.is\/index.php\/wp-json\/wp\/v2\/product_cat?post=730"},{"taxonomy":"product_tag","embeddable":true,"href":"https:\/\/www.icecom.is\/index.php\/wp-json\/wp\/v2\/product_tag?post=730"}],"curies":[{"name":"wp","href":"https:\/\/api.w.org\/{rel}","templated":true}]}}