{"id":732,"date":"2019-04-26T14:04:27","date_gmt":"2019-04-26T14:04:27","guid":{"rendered":"http:\/\/www.icecom.is\/?post_type=product&#038;p=732"},"modified":"2020-12-16T09:53:22","modified_gmt":"2020-12-16T09:53:22","slug":"home-control-starter-pack","status":"publish","type":"product","link":"https:\/\/www.icecom.is\/index.php\/product\/home-control-starter-pack\/","title":{"rendered":"Devolo Home control"},"content":{"rendered":"","protected":false},"excerpt":{"rendered":"<h2 role=\"heading\">Devolo h\u00fasstj\u00f3rnarkerfi<\/h2>\n<ul>\n<li>Hj\u00e1lpar \u00fe\u00e9r a\u00f0 fylgjast me\u00f0 heimilinu e\u00f0a sumarh\u00fasinu<\/li>\n<li>Stj\u00f3rnst\u00f6\u00f0in fyrir annan Devolo b\u00faan\u00f0<\/li>\n<li>flj\u00f3tt og einfallt \u00ed uppsettningu<\/li>\n<li>H\u00e6gt a\u00f0 f\u00e1 tilkynningar \u00ed SMS og t\u00f6lvup\u00f3sti<\/li>\n<li>Glugga\/hur\u00f0askynjari og tengill fyrir raft\u00e6ki fylgja me\u00f0<\/li>\n<li>h\u00e6gt a\u00f0 b\u00e6ta vi\u00f0 b\u00fana\u00f0i<\/li>\n<\/ul>\n<p>&nbsp;<\/p>\n<h2 role=\"heading\"><\/h2>\n<h2 class=\"h2\" role=\"heading\">Starter Pack<\/h2>\n<ul>\n<li>It doesn&#8217;t get any quicker or easier than this: a smart home in ten minutes. Just unpack it, plug it in and get started!<\/li>\n<li>Three central unit components in one package form the optimal basis for your personal smart home.<\/li>\n<li>The Central Unit discreetly ensures that all components of your smart home work with each other without a hitch.<\/li>\n<li>The door\/window contact keeps an eye on your house. it reliably detects open doors, windows or drawers and sounds the alarm if something isn&#8217;t right.<\/li>\n<li>The smart Metering Plug works when you are still sleeping. It could brew fresh coffee, turn off devices that you have forgotten or warn you if the refrigerator is still open.<\/li>\n<li>Intuitive operation by browser, and free app for smart-phones and tablets.<\/li>\n<li>Future-proofed thanks to standardised Z-Wave wireless technology.<\/li>\n<\/ul>\n","protected":false},"featured_media":733,"template":"","meta":{"_acf_changed":false},"product_cat":[44],"product_tag":[108,107,75,102,82,79],"class_list":{"0":"post-732","1":"product","2":"type-product","3":"status-publish","4":"has-post-thumbnail","6":"product_cat-devolo","7":"product_tag-fjarskiptabunadur","8":"product_tag-heimavorn","9":"product_tag-husstjornarkerfi","10":"product_tag-oryggisvorur","11":"product_tag-snjallheimili","12":"product_tag-sumarhus","14":"first","15":"instock","16":"taxable","17":"shipping-taxable","18":"product-type-simple"},"acf":[],"_links":{"self":[{"href":"https:\/\/www.icecom.is\/index.php\/wp-json\/wp\/v2\/product\/732","targetHints":{"allow":["GET"]}}],"collection":[{"href":"https:\/\/www.icecom.is\/index.php\/wp-json\/wp\/v2\/product"}],"about":[{"href":"https:\/\/www.icecom.is\/index.php\/wp-json\/wp\/v2\/types\/product"}],"wp:featuredmedia":[{"embeddable":true,"href":"https:\/\/www.icecom.is\/index.php\/wp-json\/wp\/v2\/media\/733"}],"wp:attachment":[{"href":"https:\/\/www.icecom.is\/index.php\/wp-json\/wp\/v2\/media?parent=732"}],"wp:term":[{"taxonomy":"product_cat","embeddable":true,"href":"https:\/\/www.icecom.is\/index.php\/wp-json\/wp\/v2\/product_cat?post=732"},{"taxonomy":"product_tag","embeddable":true,"href":"https:\/\/www.icecom.is\/index.php\/wp-json\/wp\/v2\/product_tag?post=732"}],"curies":[{"name":"wp","href":"https:\/\/api.w.org\/{rel}","templated":true}]}}