{"id":734,"date":"2019-04-26T14:23:21","date_gmt":"2019-04-26T14:23:21","guid":{"rendered":"http:\/\/www.icecom.is\/?post_type=product&#038;p=734"},"modified":"2020-12-16T10:00:25","modified_gmt":"2020-12-16T10:00:25","slug":"the-button","status":"publish","type":"product","link":"https:\/\/www.icecom.is\/index.php\/product\/the-button\/","title":{"rendered":"The Button &#8211; Hnappurinn"},"content":{"rendered":"<p><iframe title=\"The Button - Smart Home automation Panic Button!\" width=\"1200\" height=\"675\" src=\"https:\/\/www.youtube.com\/embed\/dvF195jZenE?start=16&#038;feature=oembed\" frameborder=\"0\" allow=\"accelerometer; autoplay; clipboard-write; encrypted-media; gyroscope; picture-in-picture\" allowfullscreen><\/iframe><\/p>\n","protected":false},"excerpt":{"rendered":"<h2>FIBARO &#8211; Hnappurinn<\/h2>\n<ul>\n<li>Hnappurin er stillanlegur \u00e1 \u00ferj\u00e1 vegu<\/li>\n<li>H\u00e6gt a\u00f0 tengja vi\u00f0 allar FIBARO v\u00f6rur<\/li>\n<li>Einfallt \u00ed uppsettningu<\/li>\n<\/ul>\n<p>&nbsp;<\/p>\n<p><strong>FIBARO Button<\/strong>\u00a0is a compact, battery-powered, Z-Wave Plus compatible device. It allows you to control devices through the Z-Wave network and run various scenes defined in FIBARO System.<\/p>\n<p>Different actions may be triggered with one to five clicks or by holding the button down. In panic mode, each press of the button results in triggering of the emergency scene.<\/p>\n<p>With its small design and wireless communication, the FIBARO Button can be conveniently mounted on any surface and in any position or location at home, e.g. beside the bed or under the desk.<\/p>\n","protected":false},"featured_media":735,"template":"","meta":{"_acf_changed":false},"product_cat":[43],"product_tag":[108,107,75,102,82,79],"class_list":{"0":"post-734","1":"product","2":"type-product","3":"status-publish","4":"has-post-thumbnail","6":"product_cat-fibaro","7":"product_tag-fjarskiptabunadur","8":"product_tag-heimavorn","9":"product_tag-husstjornarkerfi","10":"product_tag-oryggisvorur","11":"product_tag-snjallheimili","12":"product_tag-sumarhus","14":"first","15":"instock","16":"taxable","17":"shipping-taxable","18":"product-type-simple"},"acf":[],"_links":{"self":[{"href":"https:\/\/www.icecom.is\/index.php\/wp-json\/wp\/v2\/product\/734","targetHints":{"allow":["GET"]}}],"collection":[{"href":"https:\/\/www.icecom.is\/index.php\/wp-json\/wp\/v2\/product"}],"about":[{"href":"https:\/\/www.icecom.is\/index.php\/wp-json\/wp\/v2\/types\/product"}],"wp:featuredmedia":[{"embeddable":true,"href":"https:\/\/www.icecom.is\/index.php\/wp-json\/wp\/v2\/media\/735"}],"wp:attachment":[{"href":"https:\/\/www.icecom.is\/index.php\/wp-json\/wp\/v2\/media?parent=734"}],"wp:term":[{"taxonomy":"product_cat","embeddable":true,"href":"https:\/\/www.icecom.is\/index.php\/wp-json\/wp\/v2\/product_cat?post=734"},{"taxonomy":"product_tag","embeddable":true,"href":"https:\/\/www.icecom.is\/index.php\/wp-json\/wp\/v2\/product_tag?post=734"}],"curies":[{"name":"wp","href":"https:\/\/api.w.org\/{rel}","templated":true}]}}