{"id":770,"date":"2019-04-26T15:10:40","date_gmt":"2019-04-26T15:10:40","guid":{"rendered":"http:\/\/www.icecom.is\/?post_type=product&#038;p=770"},"modified":"2020-12-16T09:52:18","modified_gmt":"2020-12-16T09:52:18","slug":"home-center-lite","status":"publish","type":"product","link":"https:\/\/www.icecom.is\/index.php\/product\/home-center-lite\/","title":{"rendered":"Home Center Lite"},"content":{"rendered":"","protected":false},"excerpt":{"rendered":"<article id=\"post-2829\" class=\"document\">\n<div class=\"entry-content\">\n<p><strong>FIBARO Home Center Lite\u00a0<\/strong><\/p>\n<ul>\n<li>Flottstj\u00f3rnst\u00f6\u00f0 fyrir h\u00fasstj\u00f3rn og snjall heimili<\/li>\n<li>Virkar me\u00f0 Amazon Alexa &#8211; Google home<\/li>\n<li>Snjall v\u00f6rur fr\u00e1 helstu framlei\u00f0ensdum virka me\u00f0 Fibaro<\/li>\n<li>tengdu Phillips Hue og Apple home kit vi\u00f0 Fibaro<\/li>\n<\/ul>\n<p><strong>FIBARO Home Center\u00a0<\/strong><strong>Lite<\/strong>\u00a0is the home automation controller, used to manage the\u00a0<strong>FIBARO system.\u00a0<\/strong><\/p>\n<ul>\n<li>It is a\u00a0<strong>compact version<\/strong>\u00a0of Home Center 2.<\/li>\n<li>Works with\u00a0<strong>graphic<\/strong>\u00a0and\u00a0<strong>user-friendly interface<\/strong>\u00a0which allows to control all of the devices and create scenes.<\/li>\n<li>Uses wireless\u00a0<strong>Z-Wave technology<\/strong>\u00a0to manage multiple connected devices simultaneously.<\/li>\n<li>Compatibile with\u00a0<strong>Google Assistant<\/strong>\u00a0and\u00a0<strong>Amazon Alexa.<\/strong><\/li>\n<li>Interface available through\u00a0<strong>web browser<\/strong>\u00a0or\u00a0<strong>phone app<\/strong>.<\/li>\n<li>Simple\u00a0<strong>set up<\/strong>\u00a0and\u00a0<strong>configuration<\/strong>.<\/li>\n<li>Compatible with range of\u00a0<strong>Z-Wave<\/strong>\u00a0sensors, actors, remotes, and various\u00a0<strong>IP cameras<\/strong>.<\/li>\n<li><strong>Low energy<\/strong>\u00a0consumption.<\/li>\n<\/ul>\n<\/div>\n<\/article>\n<article id=\"post-2830\" class=\"document\">\n<h4 class=\"doc-title\"><\/h4>\n<div class=\"entry-content\"><\/div>\n<\/article>\n","protected":false},"featured_media":771,"template":"","meta":{"_acf_changed":false},"product_cat":[43],"product_tag":[81,108,107,75,102,82,79],"class_list":{"0":"post-770","1":"product","2":"type-product","3":"status-publish","4":"has-post-thumbnail","6":"product_cat-fibaro","7":"product_tag-fibaro","8":"product_tag-fjarskiptabunadur","9":"product_tag-heimavorn","10":"product_tag-husstjornarkerfi","11":"product_tag-oryggisvorur","12":"product_tag-snjallheimili","13":"product_tag-sumarhus","15":"first","16":"instock","17":"taxable","18":"shipping-taxable","19":"product-type-simple"},"acf":[],"_links":{"self":[{"href":"https:\/\/www.icecom.is\/index.php\/wp-json\/wp\/v2\/product\/770","targetHints":{"allow":["GET"]}}],"collection":[{"href":"https:\/\/www.icecom.is\/index.php\/wp-json\/wp\/v2\/product"}],"about":[{"href":"https:\/\/www.icecom.is\/index.php\/wp-json\/wp\/v2\/types\/product"}],"wp:featuredmedia":[{"embeddable":true,"href":"https:\/\/www.icecom.is\/index.php\/wp-json\/wp\/v2\/media\/771"}],"wp:attachment":[{"href":"https:\/\/www.icecom.is\/index.php\/wp-json\/wp\/v2\/media?parent=770"}],"wp:term":[{"taxonomy":"product_cat","embeddable":true,"href":"https:\/\/www.icecom.is\/index.php\/wp-json\/wp\/v2\/product_cat?post=770"},{"taxonomy":"product_tag","embeddable":true,"href":"https:\/\/www.icecom.is\/index.php\/wp-json\/wp\/v2\/product_tag?post=770"}],"curies":[{"name":"wp","href":"https:\/\/api.w.org\/{rel}","templated":true}]}}