{"id":886,"date":"2019-07-09T15:22:58","date_gmt":"2019-07-09T15:22:58","guid":{"rendered":"http:\/\/www.icecom.is\/?post_type=product&#038;p=886"},"modified":"2022-07-19T13:42:37","modified_gmt":"2022-07-19T13:42:37","slug":"spori","status":"publish","type":"product","link":"https:\/\/www.icecom.is\/index.php\/product\/spori\/","title":{"rendered":"Spori"},"content":{"rendered":"","protected":false},"excerpt":{"rendered":"<p>Spori er ferilv\u00f6ktunarb\u00fana\u00f0ur sem hentar fyrirt\u00e6kjum sem r\u00e1\u00f0a yfir \u00f6kut\u00e6kjum og vilja fylgjast me\u00f0 eigum s\u00fdnum.<\/p>\n<p>Spori gerir m\u00f6gulegt a\u00f0 fylgjast me\u00f0:<\/p>\n<p>&#8211; sta\u00f0setning \u00f6kut\u00e6kis<br \/>\n&#8211; akstri og aksturslagi<br \/>\n&#8211; Notkun \u00f6kut\u00e6kis<br \/>\n&#8211; Uppl\u00fdsingar um akstur utan vinnut\u00edma<br \/>\n&#8211; Uppl\u00fdsingar um vi\u00f0haldst\u00edma<br \/>\n&#8211; og \u00fdmislegt anna\u00f0<\/p>\n","protected":false},"featured_media":885,"template":"","meta":{"_acf_changed":false},"product_cat":[24],"product_tag":[],"class_list":{"0":"post-886","1":"product","2":"type-product","3":"status-publish","4":"has-post-thumbnail","6":"product_cat-ferilvoktunarkerfi","8":"first","9":"instock","10":"taxable","11":"shipping-taxable","12":"product-type-simple"},"acf":[],"_links":{"self":[{"href":"https:\/\/www.icecom.is\/index.php\/wp-json\/wp\/v2\/product\/886","targetHints":{"allow":["GET"]}}],"collection":[{"href":"https:\/\/www.icecom.is\/index.php\/wp-json\/wp\/v2\/product"}],"about":[{"href":"https:\/\/www.icecom.is\/index.php\/wp-json\/wp\/v2\/types\/product"}],"wp:featuredmedia":[{"embeddable":true,"href":"https:\/\/www.icecom.is\/index.php\/wp-json\/wp\/v2\/media\/885"}],"wp:attachment":[{"href":"https:\/\/www.icecom.is\/index.php\/wp-json\/wp\/v2\/media?parent=886"}],"wp:term":[{"taxonomy":"product_cat","embeddable":true,"href":"https:\/\/www.icecom.is\/index.php\/wp-json\/wp\/v2\/product_cat?post=886"},{"taxonomy":"product_tag","embeddable":true,"href":"https:\/\/www.icecom.is\/index.php\/wp-json\/wp\/v2\/product_tag?post=886"}],"curies":[{"name":"wp","href":"https:\/\/api.w.org\/{rel}","templated":true}]}}